{"id":937,"date":"2025-06-13T14:05:08","date_gmt":"2025-06-13T12:05:08","guid":{"rendered":"https:\/\/niebanals.com\/?post_type=product&#038;p=937"},"modified":"2026-04-02T19:04:11","modified_gmt":"2026-04-02T17:04:11","slug":"riflecx-gun-cleaning-brush","status":"publish","type":"product","link":"https:\/\/niebanals.com\/pl\/produkt\/riflecx-gun-cleaning-brush\/","title":{"rendered":"Szczotka do czyszczenia broni RifleCX"},"content":{"rendered":"<p data-start=\"334\" data-end=\"375\"><strong data-start=\"334\" data-end=\"373\">Dlaczego potrzebuj\u0119 szczotki do czyszczenia broni?<\/strong><\/p>\n<p data-start=\"377\" data-end=\"615\">Z regu\u0142y <strong data-start=\"391\" data-end=\"410\">nie zalecamy<\/strong> u\u017cywanie szczotek do czyszczenia broni palnej.<\/p>\n<p data-start=\"377\" data-end=\"615\">Je\u015bli jednak odda\u0142e\u015b du\u017c\u0105 liczb\u0119 strza\u0142\u00f3w \u2014 a zw\u0142aszcza je\u015bli nie czy\u015bci\u0142e\u015b broni od d\u0142u\u017cszego czasu \u2014<strong data-start=\"560\" data-end=\"593\">mechaniczne usuwanie zanieczyszcze\u0144<\/strong> mo\u017ce okaza\u0107 si\u0119 konieczne.<\/p>\n<p data-start=\"617\" data-end=\"651\">Je\u015bli u\u017cywasz szczotki, pami\u0119taj:<\/p>\n<ul data-start=\"652\" data-end=\"802\">\n<li data-start=\"652\" data-end=\"697\">\n<p data-start=\"654\" data-end=\"697\"><strong data-start=\"654\" data-end=\"675\">Nie naciskaj mocno<\/strong> na powierzchni<\/p>\n<\/li>\n<li data-start=\"698\" data-end=\"740\">\n<p data-start=\"700\" data-end=\"740\">Czy\u015b\u0107 <strong data-start=\"706\" data-end=\"738\">delikatnie tylko w jednym kierunku<\/strong><\/p>\n<\/li>\n<li data-start=\"741\" data-end=\"802\">\n<p data-start=\"743\" data-end=\"802\">Unikaj szorowania w prz\u00f3d i w ty\u0142, aby chroni\u0107 delikatne wyko\u0144czenia<\/p>\n<\/li>\n<\/ul>\n<p data-start=\"809\" data-end=\"830\"><strong data-start=\"809\" data-end=\"828\">Dane techniczne:<\/strong><\/p>\n<ul data-start=\"831\" data-end=\"905\">\n<li data-start=\"831\" data-end=\"871\">\n<p data-start=\"833\" data-end=\"871\"><strong data-start=\"833\" data-end=\"859\">Materia\u0142 uchwytu szczotki:<\/strong> Kompozyt<\/p>\n<\/li>\n<li data-start=\"872\" data-end=\"905\">\n<p data-start=\"874\" data-end=\"905\"><strong data-start=\"874\" data-end=\"896\">Materia\u0142 w\u0142osia:<\/strong> Mied\u017a<\/p>\n<\/li>\n<\/ul>","protected":false},"excerpt":{"rendered":"<p>Szczotka czyszcz\u0105ca z uchwytem kompozytowym i mi\u0119kk\u0105 <strong data-start=\"101\" data-end=\"120\">w\u0142osie miedziane<\/strong> do usuwania ci\u0119\u017ckich zanieczyszcze\u0144 z element\u00f3w broni palnej. Przeznaczony do okazjonalnego u\u017cytku, gdy czyszczenie chemiczne nie jest wystarczaj\u0105ce. Stosowa\u0107 wy\u0142\u0105cznie z lekkim naciskiem i ruchami w jednym kierunku.<\/p>","protected":false},"featured_media":938,"template":"","meta":[],"product_brand":[58],"product_cat":[57],"product_tag":[],"class_list":{"0":"post-937","1":"product","2":"type-product","3":"status-publish","4":"has-post-thumbnail","6":"product_brand-riflecx","7":"product_cat-gun-cleaning","9":"first","10":"outofstock","11":"taxable","12":"shipping-taxable","13":"purchasable","14":"product-type-simple"},"jetpack_sharing_enabled":true,"_links":{"self":[{"href":"https:\/\/niebanals.com\/pl\/wp-json\/wp\/v2\/product\/937","targetHints":{"allow":["GET"]}}],"collection":[{"href":"https:\/\/niebanals.com\/pl\/wp-json\/wp\/v2\/product"}],"about":[{"href":"https:\/\/niebanals.com\/pl\/wp-json\/wp\/v2\/types\/product"}],"wp:featuredmedia":[{"embeddable":true,"href":"https:\/\/niebanals.com\/pl\/wp-json\/wp\/v2\/media\/938"}],"wp:attachment":[{"href":"https:\/\/niebanals.com\/pl\/wp-json\/wp\/v2\/media?parent=937"}],"wp:term":[{"taxonomy":"product_brand","embeddable":true,"href":"https:\/\/niebanals.com\/pl\/wp-json\/wp\/v2\/product_brand?post=937"},{"taxonomy":"product_cat","embeddable":true,"href":"https:\/\/niebanals.com\/pl\/wp-json\/wp\/v2\/product_cat?post=937"},{"taxonomy":"product_tag","embeddable":true,"href":"https:\/\/niebanals.com\/pl\/wp-json\/wp\/v2\/product_tag?post=937"}],"curies":[{"name":"wp","href":"https:\/\/api.w.org\/{rel}","templated":true}]}}