{"id":934,"date":"2025-06-13T13:54:38","date_gmt":"2025-06-13T11:54:38","guid":{"rendered":"https:\/\/niebanals.com\/?post_type=product&#038;p=934"},"modified":"2026-05-05T15:38:14","modified_gmt":"2026-05-05T13:38:14","slug":"gun-care-towel-50-pcs","status":"publish","type":"product","link":"https:\/\/niebanals.com\/pl\/produkt\/gun-care-towel-50-pcs\/","title":{"rendered":"\u015aciereczka do piel\u0119gnacji broni \u2013 50 szt."},"content":{"rendered":"<p data-start=\"358\" data-end=\"395\"><strong data-start=\"358\" data-end=\"393\">Dlaczego potrzebuj\u0119 r\u0119cznika do piel\u0119gnacji broni?<\/strong><\/p>\n<p data-start=\"46\" data-end=\"269\">Niezawodna \u015bciereczka czyszcz\u0105ca jest kluczowym elementem prawid\u0142owej konserwacji broni palnej. S\u0142u\u017cy do <strong data-start=\"130\" data-end=\"158\">wycierania \u015brodk\u00f3w czyszcz\u0105cych<\/strong> takich jak Gun Cleaner oraz do <strong data-start=\"183\" data-end=\"222\">usuwania nadmiaru preparatu Care Spray lub oleju CLP<\/strong>, zapewniaj\u0105c czyst\u0105, such\u0105 i chronion\u0105 powierzchni\u0119.<\/p>\n<p data-start=\"271\" data-end=\"307\">Ten <strong data-start=\"275\" data-end=\"301\">R\u0119cznik do piel\u0119gnacji broni RifleCX<\/strong> jest:<\/p>\n<ul data-start=\"308\" data-end=\"502\">\n<li data-start=\"308\" data-end=\"353\">\n<p data-start=\"310\" data-end=\"353\"><strong data-start=\"310\" data-end=\"319\">Du\u017cy<\/strong> wystarczaj\u0105co du\u017cy, aby zapewni\u0107 komfortow\u0105 obs\u0142ug\u0119<\/p>\n<\/li>\n<li data-start=\"354\" data-end=\"399\">\n<p data-start=\"356\" data-end=\"399\"><strong data-start=\"356\" data-end=\"376\">Bardzo ch\u0142onny<\/strong> aby przyspieszy\u0107 czyszczenie<\/p>\n<\/li>\n<li data-start=\"400\" data-end=\"453\">\n<p data-start=\"402\" data-end=\"453\"><strong data-start=\"402\" data-end=\"413\">Wytrzyma\u0142y<\/strong> przed kontaktem z ostrymi elementami<\/p>\n<\/li>\n<li data-start=\"454\" data-end=\"502\">\n<p data-start=\"456\" data-end=\"502\"><strong data-start=\"456\" data-end=\"469\">Niestrz\u0119pi\u0105cy si\u0119<\/strong>, wi\u0119c nie pozostawia \u017cadnych w\u0142\u00f3kien<\/p>\n<\/li>\n<\/ul>\n<p data-start=\"504\" data-end=\"630\" data-is-last-node=\"\" data-is-only-node=\"\">Wyprodukowany w Polsce i specjalnie zaprojektowany do broni palnej, to <strong data-start=\"560\" data-end=\"583\">profesjonalny wyb\u00f3r<\/strong> w celu uzyskania g\u0142adkiego wyko\u0144czenia bez pozosta\u0142o\u015bci.<\/p>","protected":false},"excerpt":{"rendered":"<p>Bardzo wytrzyma\u0142a, niestrz\u0119pi\u0105ca si\u0119 \u015bciereczka czyszcz\u0105ca wykonana z celulozy i poliestru. Idealna do usuwania Gun Cleaner i nadmiaru Teflonu\u00ae podczas konserwacji broni palnej. Ch\u0142onna, trwa\u0142a i bez smug \u2014 idealna do stosowania na sucho i mokro. 100% wyprodukowana w Polsce, certyfikowana przez PZH.<\/p>","protected":false},"featured_media":935,"template":"","meta":[],"product_brand":[58],"product_cat":[57],"product_tag":[],"class_list":{"0":"post-934","1":"product","2":"type-product","3":"status-publish","4":"has-post-thumbnail","6":"product_brand-riflecx","7":"product_cat-gun-cleaning","9":"first","10":"instock","11":"taxable","12":"shipping-taxable","13":"purchasable","14":"product-type-simple"},"jetpack_sharing_enabled":true,"_links":{"self":[{"href":"https:\/\/niebanals.com\/pl\/wp-json\/wp\/v2\/product\/934","targetHints":{"allow":["GET"]}}],"collection":[{"href":"https:\/\/niebanals.com\/pl\/wp-json\/wp\/v2\/product"}],"about":[{"href":"https:\/\/niebanals.com\/pl\/wp-json\/wp\/v2\/types\/product"}],"wp:featuredmedia":[{"embeddable":true,"href":"https:\/\/niebanals.com\/pl\/wp-json\/wp\/v2\/media\/935"}],"wp:attachment":[{"href":"https:\/\/niebanals.com\/pl\/wp-json\/wp\/v2\/media?parent=934"}],"wp:term":[{"taxonomy":"product_brand","embeddable":true,"href":"https:\/\/niebanals.com\/pl\/wp-json\/wp\/v2\/product_brand?post=934"},{"taxonomy":"product_cat","embeddable":true,"href":"https:\/\/niebanals.com\/pl\/wp-json\/wp\/v2\/product_cat?post=934"},{"taxonomy":"product_tag","embeddable":true,"href":"https:\/\/niebanals.com\/pl\/wp-json\/wp\/v2\/product_tag?post=934"}],"curies":[{"name":"wp","href":"https:\/\/api.w.org\/{rel}","templated":true}]}}