{"id":930,"date":"2025-06-13T13:52:52","date_gmt":"2025-06-13T11:52:52","guid":{"rendered":"https:\/\/niebanals.com\/?post_type=product&#038;p=930"},"modified":"2026-04-02T19:01:08","modified_gmt":"2026-04-02T17:01:08","slug":"riflecx-care-spray-with-teflon-500-ml","status":"publish","type":"product","link":"https:\/\/niebanals.com\/pl\/produkt\/riflecx-care-spray-with-teflon-500-ml\/","title":{"rendered":"RifleCX Care Spray z Teflonem\u00ae \u2013 500 ml"},"content":{"rendered":"<p data-start=\"128\" data-end=\"167\"><strong data-start=\"128\" data-end=\"167\">Dlaczego warto wybra\u0107 Care Spray z Teflonem\u00ae?<\/strong><\/p>\n<p data-start=\"169\" data-end=\"340\">Chocia\u017c \u015brodki czyszcz\u0105ce usuwaj\u0105 brud i olej, nie zapewniaj\u0105 trwa\u0142ej ochrony. Bez odpowiedniej warstwy ochronnej korozja mo\u017ce si\u0119 szybko rozwin\u0105\u0107 \u2014 szczeg\u00f3lnie podczas przechowywania.<\/p>\n<p data-start=\"342\" data-end=\"580\"><strong data-start=\"342\" data-end=\"364\">Spray piel\u0119gnacyjny RifleCX<\/strong> jest przeznaczony do stosowania <strong data-start=\"393\" data-end=\"411\">po czyszczeniu<\/strong>, pozostawiaj\u0105c trwa\u0142\u0105 warstw\u0119 <strong data-start=\"447\" data-end=\"474\">oryginalnego DuPont\u2122 Teflon\u00ae<\/strong>. Chroni przed <strong data-start=\"496\" data-end=\"543\">wilgoci\u0105, korozj\u0105, \u015bcieraniem, kwasami, zasadami<\/strong>, a nawet <strong data-start=\"554\" data-end=\"579\">i mr\u00f3\u017anymi temperaturami<\/strong>.<\/p>\n<p data-start=\"582\" data-end=\"735\">W przypadku broni przechowywanej \u2014 wystarczy spryska\u0107 i pozostawi\u0107 do wyschni\u0119cia. W przypadku broni noszonej \u2014 wytrzyj nadmiar \u2014<strong data-start=\"665\" data-end=\"694\">warstwa Teflonu\u00ae pozostaje<\/strong> chroni\u0105c i poleruj\u0105c powierzchnie.<\/p>\n<p data-start=\"737\" data-end=\"830\" data-is-last-node=\"\" data-is-only-node=\"\">Kluczowy krok w rutynowej konserwacji \u2014<strong data-start=\"781\" data-end=\"813\">czy\u015b\u0107, chro\u0144 i konserwuj<\/strong> z pewno\u015bci\u0105.<\/p>\n<p data-start=\"1631\" data-end=\"1848\"><strong data-start=\"1631\" data-end=\"1646\">Spos\u00f3b u\u017cycia:<\/strong><\/p>\n<p data-start=\"1631\" data-end=\"1848\">Spryska\u0107 wszystkie cz\u0119\u015bci broni palnej. Wytrze\u0107 nadmiar szmatk\u0105 lub zdmuchn\u0105\u0107 spr\u0119\u017conym powietrzem.<\/p>\n<p data-start=\"1631\" data-end=\"1848\">Teflon\u00ae tworzy wysokowydajn\u0105 <strong data-start=\"1793\" data-end=\"1813\">warstw\u0119 ochronn\u0105<\/strong> zar\u00f3wno na cz\u0119\u015bciach metalowych jak i polimerowych.<\/p>\n<div class=\"jetpack-video-wrapper\"><iframe loading=\"lazy\" title=\"Spray piel\u0119gnacyjny z teflonem Riflecx\" width=\"1140\" height=\"641\" src=\"https:\/\/www.youtube.com\/embed\/gy44kqPy8Ck?feature=oembed\" frameborder=\"0\" allow=\"accelerometer; autoplay; clipboard-write; encrypted-media; gyroscope; picture-in-picture; web-share\" referrerpolicy=\"strict-origin-when-cross-origin\" allowfullscreen><\/iframe><\/div>\n<p data-start=\"1855\" data-end=\"1874\"><strong data-start=\"1855\" data-end=\"1872\">G\u0142\u00f3wne cechy:<\/strong><\/p>\n<ul data-start=\"1875\" data-end=\"2518\">\n<li data-start=\"1875\" data-end=\"1915\">\n<p data-start=\"1877\" data-end=\"1915\">Zawiera <strong data-start=\"1886\" data-end=\"1913\">oryginalnego DuPont\u2122 Teflon\u00ae<\/strong><\/p>\n<\/li>\n<li data-start=\"1916\" data-end=\"1951\">\n<p data-start=\"1918\" data-end=\"1951\"><strong data-start=\"1918\" data-end=\"1949\">Odporno\u015b\u0107 na wysok\u0105 temperatur\u0119<\/strong><\/p>\n<\/li>\n<li data-start=\"1952\" data-end=\"1999\">\n<p data-start=\"1954\" data-end=\"1999\"><strong data-start=\"1954\" data-end=\"1976\">Niska energia powierzchniowa<\/strong> \u2013 brud nie przywiera<\/p>\n<\/li>\n<li data-start=\"2000\" data-end=\"2028\">\n<p data-start=\"2002\" data-end=\"2028\"><strong data-start=\"2002\" data-end=\"2026\">Doskona\u0142e smarowanie<\/strong><\/p>\n<\/li>\n<li data-start=\"2029\" data-end=\"2087\">\n<p data-start=\"2031\" data-end=\"2087\">Chemicznie oboj\u0119tny \u2013 <strong data-start=\"2050\" data-end=\"2085\">odporny na rozpuszczalniki i kwasy<\/strong><\/p>\n<\/li>\n<li data-start=\"2088\" data-end=\"2145\">\n<p data-start=\"2090\" data-end=\"2145\"><strong data-start=\"2090\" data-end=\"2143\">Zapobiega korozji, zu\u017cyciu i zmianom wymiar\u00f3w<\/strong><\/p>\n<\/li>\n<li data-start=\"2146\" data-end=\"2167\">\n<p data-start=\"2148\" data-end=\"2167\"><strong data-start=\"2148\" data-end=\"2165\">Ochrona przed promieniowaniem UV<\/strong><\/p>\n<\/li>\n<li data-start=\"2168\" data-end=\"2217\">\n<p data-start=\"2170\" data-end=\"2217\"><strong data-start=\"2170\" data-end=\"2183\">Nietoksyczny<\/strong>, zapobiega rozwojowi ple\u015bni i grzyb\u00f3w<\/p>\n<\/li>\n<li data-start=\"2218\" data-end=\"2265\">\n<p data-start=\"2220\" data-end=\"2265\">Bezpieczny dla u\u017cytkownika \u2013 <strong data-start=\"2236\" data-end=\"2263\">fizjologicznie neutralny<\/strong><\/p>\n<\/li>\n<li data-start=\"2266\" data-end=\"2338\">\n<p data-start=\"2268\" data-end=\"2338\">Dzia\u0142a nawet w <strong data-start=\"2282\" data-end=\"2302\">niskich temperaturach<\/strong>, odporny na uderzenia i p\u0119kni\u0119cia<\/p>\n<\/li>\n<li data-start=\"2339\" data-end=\"2416\">\n<p data-start=\"2341\" data-end=\"2416\">Dzia\u0142anie kapilarne \u2013 wnika w cz\u0119\u015bci <strong data-start=\"2377\" data-end=\"2414\">wbrew grawitacji i pod k\u0105tem 90\u00b0<\/strong><\/p>\n<\/li>\n<li data-start=\"2417\" data-end=\"2453\">\n<p data-start=\"2419\" data-end=\"2453\">Bogaty w <strong data-start=\"2427\" data-end=\"2451\">inhibitory korozji<\/strong><\/p>\n<\/li>\n<li data-start=\"2454\" data-end=\"2518\">\n<p data-start=\"2456\" data-end=\"2518\">Pomaga <strong data-start=\"2462\" data-end=\"2480\">rozprasza\u0107 ciep\u0142o<\/strong> dzi\u0119ki wysokiej przewodno\u015bci cieplnej<\/p>\n<\/li>\n<\/ul>\n<p>&nbsp;<\/p>\n<p data-start=\"2525\" data-end=\"2546\"><strong data-start=\"2525\" data-end=\"2544\">Dane techniczne:<\/strong><\/p>\n<ul data-start=\"2547\" data-end=\"2634\">\n<li data-start=\"2547\" data-end=\"2569\">\n<p data-start=\"2549\" data-end=\"2569\"><strong data-start=\"2549\" data-end=\"2560\">Pojemno\u015b\u0107:<\/strong> 500 ml<\/p>\n<\/li>\n<li data-start=\"2570\" data-end=\"2634\">\n<p data-start=\"2572\" data-end=\"2634\"><strong data-start=\"2572\" data-end=\"2587\">Aplikator:<\/strong> Dysza z precyzyjn\u0105 s\u0142omk\u0105 do ukierunkowanego stosowania<\/p>\n<\/li>\n<\/ul>","protected":false},"excerpt":{"rendered":"<p>Wysokowydajny spray konserwacyjny z oryginalnym DuPont\u2122 Teflon\u00ae. Tworzy trwa\u0142\u0105 pow\u0142ok\u0119 antykorozyjn\u0105 i przeciwciern\u0105 na metalowych i polimerowych elementach broni palnej. Chroni przed rdz\u0105, zamarzaniem, kwasami i zu\u017cyciem. Idealny po czyszczeniu, bezpieczny do przechowywania lub codziennego noszenia. W zestawie precyzyjna s\u0142omka.<\/p>","protected":false},"featured_media":932,"template":"","meta":[],"product_brand":[58],"product_cat":[57],"product_tag":[],"class_list":{"0":"post-930","1":"product","2":"type-product","3":"status-publish","4":"has-post-thumbnail","6":"product_brand-riflecx","7":"product_cat-gun-cleaning","9":"first","10":"outofstock","11":"taxable","12":"shipping-taxable","13":"purchasable","14":"product-type-simple"},"jetpack_sharing_enabled":true,"_links":{"self":[{"href":"https:\/\/niebanals.com\/pl\/wp-json\/wp\/v2\/product\/930","targetHints":{"allow":["GET"]}}],"collection":[{"href":"https:\/\/niebanals.com\/pl\/wp-json\/wp\/v2\/product"}],"about":[{"href":"https:\/\/niebanals.com\/pl\/wp-json\/wp\/v2\/types\/product"}],"wp:featuredmedia":[{"embeddable":true,"href":"https:\/\/niebanals.com\/pl\/wp-json\/wp\/v2\/media\/932"}],"wp:attachment":[{"href":"https:\/\/niebanals.com\/pl\/wp-json\/wp\/v2\/media?parent=930"}],"wp:term":[{"taxonomy":"product_brand","embeddable":true,"href":"https:\/\/niebanals.com\/pl\/wp-json\/wp\/v2\/product_brand?post=930"},{"taxonomy":"product_cat","embeddable":true,"href":"https:\/\/niebanals.com\/pl\/wp-json\/wp\/v2\/product_cat?post=930"},{"taxonomy":"product_tag","embeddable":true,"href":"https:\/\/niebanals.com\/pl\/wp-json\/wp\/v2\/product_tag?post=930"}],"curies":[{"name":"wp","href":"https:\/\/api.w.org\/{rel}","templated":true}]}}