{"id":927,"date":"2025-06-13T13:46:19","date_gmt":"2025-06-13T11:46:19","guid":{"rendered":"https:\/\/niebanals.com\/?post_type=product&#038;p=927"},"modified":"2026-02-18T10:43:20","modified_gmt":"2026-02-18T09:43:20","slug":"riflecx-gun-cleaning-mat-80-x-40-cm","status":"publish","type":"product","link":"https:\/\/niebanals.com\/pl\/produkt\/riflecx-gun-cleaning-mat-80-x-40-cm\/","title":{"rendered":"Mata do czyszczenia broni RifleCX \u2013 80 \u00d7 40 cm"},"content":{"rendered":"<p data-start=\"333\" data-end=\"372\"><strong data-start=\"333\" data-end=\"370\">Dlaczego potrzebuj\u0119 maty do czyszczenia broni?<\/strong><\/p>\n<p data-start=\"451\" data-end=\"703\">Ta mata jest <strong data-start=\"463\" data-end=\"476\">niezb\u0119dny<\/strong> do zapobiegania powstawaniu plam na sto\u0142ach, meblach, dywanach i pod\u0142ogach podczas konserwacji broni palnej.<\/p>\n<p data-start=\"451\" data-end=\"703\">W po\u0142\u0105czeniu z naszym <strong data-start=\"593\" data-end=\"623\">chusteczki czyszcz\u0105ce z foli\u0105<\/strong>, zapewnia <strong data-start=\"638\" data-end=\"676\">czysty, bezproblemowy proces czyszczenia<\/strong>\u2014przed, w trakcie i po.<\/p>\n<p data-start=\"705\" data-end=\"949\">Cenimy prostot\u0119. Dlatego mata nie zawiera dziesi\u0105tek drukowanych instrukcji ani krzykliwych grafik, kt\u00f3re blakn\u0105 po kilku u\u017cyciach.<\/p>\n<p data-start=\"705\" data-end=\"949\">Tylko <strong data-start=\"862\" data-end=\"898\">prosta, wytrzyma\u0142a i niezawodna mata<\/strong>, jak reszta <strong data-start=\"921\" data-end=\"948\">System piel\u0119gnacji broni RifleCX<\/strong>.<\/p>\n<p data-start=\"956\" data-end=\"977\"><strong data-start=\"956\" data-end=\"975\">Dane techniczne:<\/strong><\/p>\n<ul data-start=\"978\" data-end=\"1065\">\n<li data-start=\"978\" data-end=\"1004\">\n<p data-start=\"980\" data-end=\"1004\"><strong data-start=\"980\" data-end=\"993\">Materia\u0142:<\/strong> Neopren<\/p>\n<\/li>\n<li data-start=\"1005\" data-end=\"1035\">\n<p data-start=\"1007\" data-end=\"1035\"><strong data-start=\"1007\" data-end=\"1022\">Wymiary:<\/strong> 80 \u00d7 40 cm<\/p>\n<\/li>\n<\/ul>","protected":false},"excerpt":{"rendered":"<p>Why do I need a gun cleaning mat? This mat is essential for preventing stains on tables, furniture, carpets, or floors during firearm maintenance. When combined with our foil-backed cleaning [&hellip;]<\/p>\n","protected":false},"featured_media":928,"template":"","meta":[],"product_brand":[58],"product_cat":[57],"product_tag":[],"class_list":{"0":"post-927","1":"product","2":"type-product","3":"status-publish","4":"has-post-thumbnail","6":"product_brand-riflecx","7":"product_cat-gun-cleaning","9":"first","10":"instock","11":"taxable","12":"shipping-taxable","13":"purchasable","14":"product-type-simple"},"jetpack_sharing_enabled":true,"_links":{"self":[{"href":"https:\/\/niebanals.com\/pl\/wp-json\/wp\/v2\/product\/927","targetHints":{"allow":["GET"]}}],"collection":[{"href":"https:\/\/niebanals.com\/pl\/wp-json\/wp\/v2\/product"}],"about":[{"href":"https:\/\/niebanals.com\/pl\/wp-json\/wp\/v2\/types\/product"}],"wp:featuredmedia":[{"embeddable":true,"href":"https:\/\/niebanals.com\/pl\/wp-json\/wp\/v2\/media\/928"}],"wp:attachment":[{"href":"https:\/\/niebanals.com\/pl\/wp-json\/wp\/v2\/media?parent=927"}],"wp:term":[{"taxonomy":"product_brand","embeddable":true,"href":"https:\/\/niebanals.com\/pl\/wp-json\/wp\/v2\/product_brand?post=927"},{"taxonomy":"product_cat","embeddable":true,"href":"https:\/\/niebanals.com\/pl\/wp-json\/wp\/v2\/product_cat?post=927"},{"taxonomy":"product_tag","embeddable":true,"href":"https:\/\/niebanals.com\/pl\/wp-json\/wp\/v2\/product_tag?post=927"}],"curies":[{"name":"wp","href":"https:\/\/api.w.org\/{rel}","templated":true}]}}