{"id":923,"date":"2025-06-13T13:40:54","date_gmt":"2025-06-13T11:40:54","guid":{"rendered":"https:\/\/niebanals.com\/?post_type=product&#038;p=923"},"modified":"2026-03-14T15:28:16","modified_gmt":"2026-03-14T14:28:16","slug":"riflecx-microfiber-gun-towel-30-x-30-cm","status":"publish","type":"product","link":"https:\/\/niebanals.com\/pl\/produkt\/riflecx-microfiber-gun-towel-30-x-30-cm\/","title":{"rendered":"R\u0119cznik do broni RifleCX z mikrofibry \u2013 30 \u00d7 30 cm"},"content":{"rendered":"<p data-start=\"357\" data-end=\"395\"><strong data-start=\"357\" data-end=\"393\">Dlaczego potrzebuj\u0119 r\u0119cznika RifleCX?<\/strong><\/p>\n<p data-start=\"37\" data-end=\"181\">R\u0119cznik RifleCX zosta\u0142 opracowany specjalnie do wycierania broni palnej po konserwacji, zw\u0142aszcza po na\u0142o\u017ceniu <strong data-start=\"151\" data-end=\"178\">sprayu piel\u0119gnacyjnego z Teflonem\u00ae<\/strong>.<\/p>\n<p data-start=\"183\" data-end=\"338\">Wykonany ze starannie wyselekcjonowanej mikrofibry, skutecznie <strong data-start=\"239\" data-end=\"258\">poch\u0142ania pozosta\u0142o\u015bci<\/strong>, pozostawiaj\u0105c powierzchni\u0119 <strong data-start=\"280\" data-end=\"308\">suche, czyste i wypolerowane<\/strong> bez zarysowa\u0144 i k\u0142aczk\u00f3w.<\/p>\n<p data-start=\"340\" data-end=\"406\" data-is-last-node=\"\" data-is-only-node=\"\">Profesjonalne wyko\u0144czenie ka\u017cdej piel\u0119gnacji broni palnej.<\/p>\n<p data-start=\"916\" data-end=\"937\"><strong data-start=\"916\" data-end=\"935\">Dane techniczne:<\/strong><\/p>\n<ul data-start=\"938\" data-end=\"1064\">\n<li data-start=\"938\" data-end=\"968\">\n<p data-start=\"940\" data-end=\"968\"><strong data-start=\"940\" data-end=\"955\">Wymiary:<\/strong> 30 \u00d7 30 cm<\/p>\n<\/li>\n<li data-start=\"969\" data-end=\"1001\">\n<p data-start=\"971\" data-end=\"1001\"><strong data-start=\"971\" data-end=\"991\">Waga materia\u0142u:<\/strong> 700 gsm<\/p>\n<\/li>\n<li data-start=\"1002\" data-end=\"1027\">\n<p data-start=\"1004\" data-end=\"1027\"><strong data-start=\"1004\" data-end=\"1020\">Mo\u017cna pra\u0107 w temperaturze:<\/strong> 40\u00b0C<\/p>\n<\/li>\n<li data-start=\"1028\" data-end=\"1064\">\n<p data-start=\"1030\" data-end=\"1064\"><strong data-start=\"1030\" data-end=\"1043\">Materia\u0142:<\/strong> Mikrofibra premium<\/p>\n<\/li>\n<\/ul>","protected":false},"excerpt":{"rendered":"<p>R\u0119cznik z mikrofibry o wysokiej ch\u0142onno\u015bci przeznaczony do polerowania i wyka\u0144czania powierzchni broni palnej po u\u017cyciu Care Spray z Teflonem\u00ae. Pozostawia powierzchni\u0119 such\u0105, chronion\u0105 i l\u015bni\u0105c\u0105. Wytrzyma\u0142y, zmywalny i zoptymalizowany do piel\u0119gnacji broni. Rozmiar: 30 \u00d7 30 cm, 700 gsm.<\/p>","protected":false},"featured_media":924,"template":"","meta":[],"product_brand":[58],"product_cat":[57],"product_tag":[],"class_list":{"0":"post-923","1":"product","2":"type-product","3":"status-publish","4":"has-post-thumbnail","6":"product_brand-riflecx","7":"product_cat-gun-cleaning","9":"first","10":"outofstock","11":"taxable","12":"shipping-taxable","13":"purchasable","14":"product-type-simple"},"jetpack_sharing_enabled":true,"_links":{"self":[{"href":"https:\/\/niebanals.com\/pl\/wp-json\/wp\/v2\/product\/923","targetHints":{"allow":["GET"]}}],"collection":[{"href":"https:\/\/niebanals.com\/pl\/wp-json\/wp\/v2\/product"}],"about":[{"href":"https:\/\/niebanals.com\/pl\/wp-json\/wp\/v2\/types\/product"}],"wp:featuredmedia":[{"embeddable":true,"href":"https:\/\/niebanals.com\/pl\/wp-json\/wp\/v2\/media\/924"}],"wp:attachment":[{"href":"https:\/\/niebanals.com\/pl\/wp-json\/wp\/v2\/media?parent=923"}],"wp:term":[{"taxonomy":"product_brand","embeddable":true,"href":"https:\/\/niebanals.com\/pl\/wp-json\/wp\/v2\/product_brand?post=923"},{"taxonomy":"product_cat","embeddable":true,"href":"https:\/\/niebanals.com\/pl\/wp-json\/wp\/v2\/product_cat?post=923"},{"taxonomy":"product_tag","embeddable":true,"href":"https:\/\/niebanals.com\/pl\/wp-json\/wp\/v2\/product_tag?post=923"}],"curies":[{"name":"wp","href":"https:\/\/api.w.org\/{rel}","templated":true}]}}