{"id":920,"date":"2025-06-13T13:35:43","date_gmt":"2025-06-13T11:35:43","guid":{"rendered":"https:\/\/niebanals.com\/?post_type=product&#038;p=920"},"modified":"2026-02-18T10:44:29","modified_gmt":"2026-02-18T09:44:29","slug":"riflecx-handgun-set-complete-gun-care-system","status":"publish","type":"product","link":"https:\/\/niebanals.com\/pl\/produkt\/riflecx-handgun-set-complete-gun-care-system\/","title":{"rendered":"Zestaw do pistolet\u00f3w RifleCX \u2013 kompletny system do piel\u0119gnacji broni"},"content":{"rendered":"<p data-start=\"0\" data-end=\"41\"><strong data-start=\"0\" data-end=\"39\">Dlaczego warto wybra\u0107 zestaw pistoletowy RifleCX?<\/strong><\/p>\n<p data-start=\"43\" data-end=\"238\">Za du\u017co \u015brodk\u00f3w czyszcz\u0105cych? Za ma\u0142o czasu, \u017ceby dowiedzie\u0107 si\u0119, co dzia\u0142a razem? <strong data-start=\"126\" data-end=\"149\">Zestaw do pistolet\u00f3w RifleCX<\/strong> rozwi\u0105zuje to za pomoc\u0105 <strong data-start=\"169\" data-end=\"204\">gotowego do u\u017cycia, kompleksowego systemu<\/strong>\u2014 bez zgadywania, bez pr\u00f3b i b\u0142\u0119d\u00f3w.<\/p>\n<p data-start=\"240\" data-end=\"368\">Ten \u201e<strong data-start=\"246\" data-end=\"261\">Plug &amp; Play<\/strong>\u201d zestaw zawiera wszystko, co potrzebne do <strong data-start=\"297\" data-end=\"330\">czyszczenia, ochrony i smarowania<\/strong> Twojej broni palnej szybko i skutecznie:<\/p>\n<ul data-start=\"370\" data-end=\"621\">\n<li data-start=\"370\" data-end=\"398\">\n<p data-start=\"372\" data-end=\"398\"><strong data-start=\"372\" data-end=\"387\">\u015arodek do czyszczenia broni<\/strong> \u2013 500 ml<\/p>\n<\/li>\n<li data-start=\"399\" data-end=\"439\">\n<p data-start=\"401\" data-end=\"439\"><strong data-start=\"401\" data-end=\"428\">sprayu piel\u0119gnacyjnego z Teflonem\u00ae<\/strong> \u2013 500 ml<\/p>\n<\/li>\n<li data-start=\"440\" data-end=\"466\">\n<p data-start=\"442\" data-end=\"466\"><strong data-start=\"442\" data-end=\"455\">Pianka do czyszczenia lufy<\/strong> \u2013 500 ml<\/p>\n<\/li>\n<li data-start=\"467\" data-end=\"498\">\n<p data-start=\"469\" data-end=\"498\"><strong data-start=\"469\" data-end=\"487\">Spr\u0119\u017cone powietrze<\/strong> \u2013 500 ml<\/p>\n<\/li>\n<li data-start=\"499\" data-end=\"523\">\n<p data-start=\"501\" data-end=\"523\"><strong data-start=\"501\" data-end=\"512\">Olej CLP<\/strong> \u2013 100 ml<\/p>\n<\/li>\n<li data-start=\"524\" data-end=\"554\">\n<p data-start=\"526\" data-end=\"554\"><strong data-start=\"526\" data-end=\"543\">Myd\u0142o wojskowe<\/strong> \u2013 300 ml<\/p>\n<\/li>\n<li data-start=\"555\" data-end=\"589\">\n<p data-start=\"557\" data-end=\"589\"><strong data-start=\"557\" data-end=\"578\">R\u0119kawiczki jednorazowe<\/strong> \u2013 10 szt.<\/p>\n<\/li>\n<li data-start=\"590\" data-end=\"621\">\n<p data-start=\"592\" data-end=\"621\"><strong data-start=\"592\" data-end=\"610\">Okulary ochronne<\/strong> \u2013 1 para<\/p>\n<\/li>\n<\/ul>\n<p data-start=\"623\" data-end=\"760\">W zestawie znajduje si\u0119 r\u00f3wnie\u017c <strong data-start=\"647\" data-end=\"674\">wygodna tacka do przechowywania<\/strong> i <strong data-start=\"681\" data-end=\"692\">Kod QR<\/strong> link do samouczk\u00f3w wideo pokazuj\u0105cych krok po kroku, jak u\u017cywa\u0107 ka\u017cdego produktu.<\/p>\n<p data-start=\"762\" data-end=\"923\">Wspierany przez <strong data-start=\"772\" data-end=\"799\">oryginalnego DuPont\u2122 Teflon\u00ae<\/strong>, ten system oferuje <strong data-start=\"820\" data-end=\"851\">najlepsz\u0105 w bran\u017cy ochron\u0119<\/strong> i jest ca\u0142kowicie <strong data-start=\"870\" data-end=\"920\">bezpieczny dla element\u00f3w metalowych, drewnianych i kompozytowych<\/strong>.<\/p>\n<p data-start=\"925\" data-end=\"1050\">Korzystanie z kompletnego systemu RifleCX zapewnia <strong data-start=\"967\" data-end=\"990\">maksymaln\u0105 wydajno\u015b\u0107<\/strong> i zapobiega niepo\u017c\u0105danym reakcjom wywo\u0142anym przez niekompatybilne substancje chemiczne.<\/p>\n<p data-start=\"1052\" data-end=\"1163\" data-is-last-node=\"\" data-is-only-node=\"\"><strong data-start=\"1052\" data-end=\"1096\">Wydajny, profesjonalny i \u0142atwy w obs\u0142udze<\/strong>\u2014 idealny wyb\u00f3r dla ka\u017cdego strzelca lub ekskluzywny prezent dla pasjonat\u00f3w.<\/p>","protected":false},"excerpt":{"rendered":"<p>Zestaw do czyszczenia i konserwacji \u201ePlug &amp; Play\u201d typu \u201ewszystko w jednym\u201d do pistolet\u00f3w. Zawiera 6 produkt\u00f3w RifleCX klasy premium, r\u0119kawice, okulary ochronne i pude\u0142ko do przechowywania. Bezpieczny dla metalu, drewna i materia\u0142\u00f3w kompozytowych. Idealny zar\u00f3wno dla pocz\u0105tkuj\u0105cych, jak i profesjonalist\u00f3w. Zawiera kod QR do samouczk\u00f3w wideo.<\/p>","protected":false},"featured_media":921,"template":"","meta":[],"product_brand":[58],"product_cat":[57],"product_tag":[],"class_list":{"0":"post-920","1":"product","2":"type-product","3":"status-publish","4":"has-post-thumbnail","6":"product_brand-riflecx","7":"product_cat-gun-cleaning","9":"first","10":"instock","11":"taxable","12":"shipping-taxable","13":"purchasable","14":"product-type-simple"},"jetpack_sharing_enabled":true,"_links":{"self":[{"href":"https:\/\/niebanals.com\/pl\/wp-json\/wp\/v2\/product\/920","targetHints":{"allow":["GET"]}}],"collection":[{"href":"https:\/\/niebanals.com\/pl\/wp-json\/wp\/v2\/product"}],"about":[{"href":"https:\/\/niebanals.com\/pl\/wp-json\/wp\/v2\/types\/product"}],"wp:featuredmedia":[{"embeddable":true,"href":"https:\/\/niebanals.com\/pl\/wp-json\/wp\/v2\/media\/921"}],"wp:attachment":[{"href":"https:\/\/niebanals.com\/pl\/wp-json\/wp\/v2\/media?parent=920"}],"wp:term":[{"taxonomy":"product_brand","embeddable":true,"href":"https:\/\/niebanals.com\/pl\/wp-json\/wp\/v2\/product_brand?post=920"},{"taxonomy":"product_cat","embeddable":true,"href":"https:\/\/niebanals.com\/pl\/wp-json\/wp\/v2\/product_cat?post=920"},{"taxonomy":"product_tag","embeddable":true,"href":"https:\/\/niebanals.com\/pl\/wp-json\/wp\/v2\/product_tag?post=920"}],"curies":[{"name":"wp","href":"https:\/\/api.w.org\/{rel}","templated":true}]}}