{"id":917,"date":"2025-06-13T13:31:43","date_gmt":"2025-06-13T11:31:43","guid":{"rendered":"https:\/\/niebanals.com\/?post_type=product&#038;p=917"},"modified":"2026-04-02T18:59:49","modified_gmt":"2026-04-02T16:59:49","slug":"gun-care-disposable-pad-40-pcs","status":"publish","type":"product","link":"https:\/\/niebanals.com\/pl\/produkt\/gun-care-disposable-pad-40-pcs\/","title":{"rendered":"Jednorazowa podk\u0142adka ochronna do broni \u2013 40 szt."},"content":{"rendered":"<p data-start=\"455\" data-end=\"503\"><strong data-start=\"455\" data-end=\"501\">Dlaczego potrzebuj\u0119 jednorazowej podk\u0142adki ochronnej Gun Care?<\/strong><\/p>\n<p data-start=\"160\" data-end=\"448\">Konserwacja broni palnej cz\u0119sto wi\u0105\u017ce si\u0119 z u\u017cyciem olej\u00f3w, rozpuszczalnik\u00f3w i \u015brodk\u00f3w czyszcz\u0105cych, kt\u00f3re mog\u0105 uszkodzi\u0107 powierzchnie robocze, je\u015bli nie s\u0105 odpowiednio zarz\u0105dzane. Standardowe r\u0119czniki papierowe lub \u015bciereczki mog\u0105 szybko nasi\u0105kn\u0105\u0107, umo\u017cliwiaj\u0105c przedostanie si\u0119 wilgoci i chemikali\u00f3w na sto\u0142y, \u0142awki lub inne powierzchnie.<\/p>\n<p data-start=\"450\" data-end=\"749\">Ten <strong data-start=\"454\" data-end=\"481\">Jednorazowa podk\u0142adka ochronna Gun Care<\/strong> zosta\u0142a zaprojektowana jako praktyczne rozwi\u0105zanie tego problemu. Posiada <strong data-start=\"551\" data-end=\"578\">konstrukcj\u0119 dwuwarstwow\u0105<\/strong>\u2014bardzo ch\u0142onny <strong data-start=\"598\" data-end=\"629\">G\u00f3rna warstwa z celulozy airlaid<\/strong> i <strong data-start=\"636\" data-end=\"666\">szczelna folia PE<\/strong>\u2014zapewniaj\u0105c skuteczne czyszczenie i ochron\u0119 powierzchni podczas konserwacji broni palnej.<\/p>\n<p data-start=\"751\" data-end=\"906\">Niezale\u017cnie od tego, czy sprz\u0105tasz w domu, na strzelnicy czy w terenie, ta podk\u0142adka zapewni czyste i niezawodne miejsce pracy, a tak\u017ce pomo\u017ce zapobiec powstawaniu plam, rozlanych p\u0142yn\u00f3w i uszkodze\u0144.<\/p>\n<p data-start=\"1189\" data-end=\"1210\"><strong data-start=\"1189\" data-end=\"1208\">Dane techniczne:<\/strong><\/p>\n<ul data-start=\"1211\" data-end=\"1492\">\n<li data-start=\"1211\" data-end=\"1264\">\n<p data-start=\"1213\" data-end=\"1264\"><strong data-start=\"1213\" data-end=\"1232\">Wysoka ch\u0142onno\u015b\u0107<\/strong>, idealny do czyszczenia na mokro<\/p>\n<\/li>\n<li data-start=\"1265\" data-end=\"1320\">\n<p data-start=\"1267\" data-end=\"1320\">Chroni powierzchnie przed olejami, rozpuszczalnikami i wilgoci\u0105<\/p>\n<\/li>\n<li data-start=\"1321\" data-end=\"1378\">\n<p data-start=\"1323\" data-end=\"1378\">Wykonane z <strong data-start=\"1333\" data-end=\"1354\">Celuloza airlaid<\/strong> + <strong data-start=\"1357\" data-end=\"1376\">Podk\u0142ad z folii PE<\/strong><\/p>\n<\/li>\n<li data-start=\"1379\" data-end=\"1423\">\n<p data-start=\"1381\" data-end=\"1423\">Doskona\u0142y do czyszczenia w domu, na strzelnicy lub w terenie<\/p>\n<\/li>\n<li data-start=\"1424\" data-end=\"1448\">\n<p data-start=\"1426\" data-end=\"1448\">Rozmiar: <strong data-start=\"1432\" data-end=\"1446\">40 \u00d7 30 cm<\/strong><\/p>\n<\/li>\n<li data-start=\"1449\" data-end=\"1492\">\n<p data-start=\"1451\" data-end=\"1492\">Ilo\u015b\u0107: <strong data-start=\"1461\" data-end=\"1492\">40 jednorazowych podk\u0142adek ochronnych w opakowaniu<\/strong><\/p>\n<\/li>\n<\/ul>","protected":false},"excerpt":{"rendered":"<p>Podk\u0142adki czyszcz\u0105ce o wysokiej ch\u0142onno\u015bci z nieprzeciekaj\u0105c\u0105 foli\u0105. Zaprojektowane do ochrony sto\u0142\u00f3w, mat i dywan\u00f3w podczas konserwacji broni palnej. Poch\u0142aniaj\u0105 oleje, rozpuszczalniki i smary. Wykonane z celulozy Airlaid z foli\u0105 PE. Rozmiar: 40 \u00d7 30 cm. Opakowanie 40 jednorazowych arkuszy.<\/p>","protected":false},"featured_media":918,"template":"","meta":[],"product_brand":[58],"product_cat":[57],"product_tag":[],"class_list":{"0":"post-917","1":"product","2":"type-product","3":"status-publish","4":"has-post-thumbnail","6":"product_brand-riflecx","7":"product_cat-gun-cleaning","9":"first","10":"instock","11":"taxable","12":"shipping-taxable","13":"purchasable","14":"product-type-simple"},"jetpack_sharing_enabled":true,"_links":{"self":[{"href":"https:\/\/niebanals.com\/pl\/wp-json\/wp\/v2\/product\/917","targetHints":{"allow":["GET"]}}],"collection":[{"href":"https:\/\/niebanals.com\/pl\/wp-json\/wp\/v2\/product"}],"about":[{"href":"https:\/\/niebanals.com\/pl\/wp-json\/wp\/v2\/types\/product"}],"wp:featuredmedia":[{"embeddable":true,"href":"https:\/\/niebanals.com\/pl\/wp-json\/wp\/v2\/media\/918"}],"wp:attachment":[{"href":"https:\/\/niebanals.com\/pl\/wp-json\/wp\/v2\/media?parent=917"}],"wp:term":[{"taxonomy":"product_brand","embeddable":true,"href":"https:\/\/niebanals.com\/pl\/wp-json\/wp\/v2\/product_brand?post=917"},{"taxonomy":"product_cat","embeddable":true,"href":"https:\/\/niebanals.com\/pl\/wp-json\/wp\/v2\/product_cat?post=917"},{"taxonomy":"product_tag","embeddable":true,"href":"https:\/\/niebanals.com\/pl\/wp-json\/wp\/v2\/product_tag?post=917"}],"curies":[{"name":"wp","href":"https:\/\/api.w.org\/{rel}","templated":true}]}}