{"id":914,"date":"2025-06-13T13:24:27","date_gmt":"2025-06-13T11:24:27","guid":{"rendered":"https:\/\/niebanals.com\/?post_type=product&#038;p=914"},"modified":"2026-02-18T10:43:28","modified_gmt":"2026-02-18T09:43:28","slug":"riflecx-pocket-set-gun-care-kit","status":"publish","type":"product","link":"https:\/\/niebanals.com\/pl\/produkt\/riflecx-pocket-set-gun-care-kit\/","title":{"rendered":"Zestaw do piel\u0119gnacji broni RifleCX Pocket Set"},"content":{"rendered":"<p data-start=\"48\" data-end=\"227\">Zaprojektowano dla <strong data-start=\"61\" data-end=\"107\">my\u015bliwych, strzelc\u00f3w sportowych i profesjonalist\u00f3w<\/strong>, ten kompaktowy zestaw zawiera wszystkie niezb\u0119dne produkty do efektywnej konserwacji broni palnej \u2014<strong data-start=\"196\" data-end=\"224\">w formacie oszcz\u0119dzaj\u0105cym miejsce<\/strong>.<\/p>\n<p data-start=\"229\" data-end=\"326\">Zapakowane w <strong data-start=\"244\" data-end=\"259\">eleganckie pude\u0142ko<\/strong>, stanowi r\u00f3wnie\u017c doskona\u0142y <strong data-start=\"288\" data-end=\"296\">prezent<\/strong> dla ka\u017cdego mi\u0142o\u015bnika broni palnej.<\/p>\n<p data-start=\"328\" data-end=\"503\">Produkty RifleCX s\u0105 <strong data-start=\"349\" data-end=\"372\">oficjalnie zatwierdzone<\/strong> przez <strong data-start=\"380\" data-end=\"425\">Wojskowy Instytut Techniki Uzbrojenia<\/strong> i <strong data-start=\"434\" data-end=\"465\">Wojskowy Instytut Lotnictwa<\/strong>, gwarantuj\u0105c jako\u015b\u0107 na poziomie profesjonalnym.<\/p>\n<p data-start=\"505\" data-end=\"531\"><strong data-start=\"505\" data-end=\"529\">Zawarto\u015b\u0107 zestawu:<\/strong><\/p>\n<ul data-start=\"532\" data-end=\"854\">\n<li data-start=\"532\" data-end=\"658\">\n<p data-start=\"534\" data-end=\"658\"><strong data-start=\"534\" data-end=\"558\">\u015arodek do czyszczenia broni \u2013 200 ml<\/strong><br data-start=\"558\" data-end=\"561\" \/>Formu\u0142a wysokoci\u015bnieniowa do dok\u0142adnego czyszczenia i odt\u0142uszczania. Nadaje si\u0119 r\u00f3wnie\u017c do kabur Kydex.<\/p>\n<\/li>\n<li data-start=\"659\" data-end=\"768\">\n<p data-start=\"661\" data-end=\"768\"><strong data-start=\"661\" data-end=\"684\">Spray piel\u0119gnacyjny \u2013 200 ml<\/strong><br data-start=\"684\" data-end=\"687\" \/>Z oryginalnym Teflonem\u00ae DuPont\u2122 zapewniaj\u0105cym ochron\u0119 przed korozj\u0105 bez pozostawiania t\u0142ustych \u015blad\u00f3w.<\/p>\n<\/li>\n<li data-start=\"769\" data-end=\"854\">\n<p data-start=\"771\" data-end=\"854\"><strong data-start=\"771\" data-end=\"791\">Olej CLP \u2013 100 ml<\/strong><br data-start=\"791\" data-end=\"794\" \/>Smaruje ruchome cz\u0119\u015bci, zapewniaj\u0105c ich p\u0142ynn\u0105 i niezawodn\u0105 prac\u0119.<\/p>\n<\/li>\n<\/ul>\n<p data-start=\"856\" data-end=\"1005\" data-is-last-node=\"\" data-is-only-node=\"\">Wszystkie produkty s\u0105 <strong data-start=\"873\" data-end=\"932\">bezpieczny do stosowania na drewnie, polimerach i materia\u0142ach kompozytowych<\/strong>.<br data-start=\"933\" data-end=\"936\" \/>Inteligentne i wydajne rozwi\u0105zanie do piel\u0119gnacji broni palnej \u2014 w domu i w terenie.<\/p>","protected":false},"excerpt":{"rendered":"<p>Kieszonkowy zestaw konserwacyjny dla ka\u017cdego posiadacza broni palnej. Idealny dla my\u015bliwych, \u017co\u0142nierzy i strzelc\u00f3w sportowych, kt\u00f3rzy potrzebuj\u0105 niezawodnych, oszcz\u0119dzaj\u0105cych miejsce rozwi\u0105za\u0144. Zawiera Gun Cleaner, Care Spray z Teflonem\u00ae i olej CLP \u2014 bezpieczny dla kompozyt\u00f3w i drewna. Zapakowany w eleganckie pude\u0142ko, idealny na prezent.<\/p>","protected":false},"featured_media":915,"template":"","meta":[],"product_brand":[58],"product_cat":[57],"product_tag":[],"class_list":{"0":"post-914","1":"product","2":"type-product","3":"status-publish","4":"has-post-thumbnail","6":"product_brand-riflecx","7":"product_cat-gun-cleaning","9":"first","10":"outofstock","11":"taxable","12":"shipping-taxable","13":"purchasable","14":"product-type-simple"},"jetpack_sharing_enabled":true,"_links":{"self":[{"href":"https:\/\/niebanals.com\/pl\/wp-json\/wp\/v2\/product\/914","targetHints":{"allow":["GET"]}}],"collection":[{"href":"https:\/\/niebanals.com\/pl\/wp-json\/wp\/v2\/product"}],"about":[{"href":"https:\/\/niebanals.com\/pl\/wp-json\/wp\/v2\/types\/product"}],"wp:featuredmedia":[{"embeddable":true,"href":"https:\/\/niebanals.com\/pl\/wp-json\/wp\/v2\/media\/915"}],"wp:attachment":[{"href":"https:\/\/niebanals.com\/pl\/wp-json\/wp\/v2\/media?parent=914"}],"wp:term":[{"taxonomy":"product_brand","embeddable":true,"href":"https:\/\/niebanals.com\/pl\/wp-json\/wp\/v2\/product_brand?post=914"},{"taxonomy":"product_cat","embeddable":true,"href":"https:\/\/niebanals.com\/pl\/wp-json\/wp\/v2\/product_cat?post=914"},{"taxonomy":"product_tag","embeddable":true,"href":"https:\/\/niebanals.com\/pl\/wp-json\/wp\/v2\/product_tag?post=914"}],"curies":[{"name":"wp","href":"https:\/\/api.w.org\/{rel}","templated":true}]}}