{"id":902,"date":"2025-06-13T13:11:30","date_gmt":"2025-06-13T11:11:30","guid":{"rendered":"https:\/\/niebanals.com\/?post_type=product&#038;p=902"},"modified":"2026-02-18T10:43:06","modified_gmt":"2026-02-18T09:43:06","slug":"riflecx-bore-snake-5-6-mm","status":"publish","type":"product","link":"https:\/\/niebanals.com\/pl\/produkt\/riflecx-bore-snake-5-6-mm\/","title":{"rendered":"RifleCX Bore Snake \u2013 5,6 mm"},"content":{"rendered":"<p data-start=\"383\" data-end=\"416\"><strong data-start=\"383\" data-end=\"414\">Po co mi bore snake (przepychacz linkowy)?<\/strong><\/p>\n<p data-start=\"418\" data-end=\"634\">W przypadku bardzo brudnej lufy, po zastosowaniu <strong data-start=\"472\" data-end=\"495\">RifleCX Barrel Foam (piank\u0119 do czyszczenia lufy)<\/strong> i sp\u0142ukaniu jej <strong data-start=\"517\" data-end=\"532\">\u015arodek do czyszczenia broni<\/strong> lub <strong data-start=\"536\" data-end=\"550\">Spray piel\u0119gnacyjny<\/strong>, zdecydowanie zaleca si\u0119 przeprowadzenie <strong data-start=\"585\" data-end=\"633\">bore snake przez luf\u0119 co najmniej dwa razy<\/strong>.<\/p>\n<p data-start=\"636\" data-end=\"768\">Pomaga to usun\u0105\u0107 wszelkie pozosta\u0142e zanieczyszczenia i wysuszy\u0107 resztki \u015brodka czyszcz\u0105cego, co jest szczeg\u00f3lnie przydatne, je\u015bli nie masz pod r\u0119k\u0105 wacik\u00f3w czyszcz\u0105cych.<\/p>\n<p data-start=\"770\" data-end=\"967\">Bore snake powinien <strong data-start=\"792\" data-end=\"831\">zawsze by\u0107 wprowadzany od strony komory nabojowej<\/strong> i wyci\u0105gany <strong data-start=\"847\" data-end=\"868\">w kierunku wylotu lufy<\/strong>.<br data-start=\"869\" data-end=\"872\" \/>Zawsze ci\u0105gnij go <strong data-start=\"887\" data-end=\"918\">prosto przez luf\u0119<\/strong>\u2014ci\u0105gni\u0119cie pod k\u0105tem mo\u017ce uszkodzi\u0107 koron\u0119 lufy.<\/p>\n<p data-start=\"969\" data-end=\"1112\">Bore snake RifleCX posiada <strong data-start=\"1003\" data-end=\"1024\">system szybkiej p\u0119tli<\/strong> co pozwala na po\u0142\u0105czenie dw\u00f3ch ko\u0144c\u00f3w, dzi\u0119ki czemu <strong data-start=\"1074\" data-end=\"1111\">wielokrotne przej\u015bcia szybsze i \u0142atwiejsze<\/strong>.<\/p>\n<p data-start=\"1119\" data-end=\"1140\"><strong data-start=\"1119\" data-end=\"1138\">Dane techniczne:<\/strong><\/p>\n<ul data-start=\"1141\" data-end=\"1343\">\n<li data-start=\"1141\" data-end=\"1210\">\n<p data-start=\"1143\" data-end=\"1210\">Wyposa\u017cony w <strong data-start=\"1157\" data-end=\"1190\">dwie zintegrowane szczotki z br\u0105zu<\/strong> do czyszczenia przewodu lufy<\/p>\n<\/li>\n<li data-start=\"1211\" data-end=\"1239\">\n<p data-start=\"1213\" data-end=\"1239\"><strong data-start=\"1213\" data-end=\"1237\">Wielokrotnego u\u017cytku i trwa\u0142e<\/strong><\/p>\n<\/li>\n<li data-start=\"1240\" data-end=\"1270\">\n<p data-start=\"1242\" data-end=\"1270\"><strong data-start=\"1242\" data-end=\"1253\">D\u0142ugo\u015b\u0107:<\/strong> ok. 215 cm<\/p>\n<\/li>\n<li data-start=\"1271\" data-end=\"1343\">\n<p data-start=\"1273\" data-end=\"1343\">Zaprojektowano dla <strong data-start=\"1286\" data-end=\"1305\">Kalibry 5,6 mm<\/strong> (np. .22 LR, .223 Rem, 5,56 NATO)<\/p>\n<\/li>\n<\/ul>","protected":false},"excerpt":{"rendered":"<p>Wielokrotnego u\u017cytku bore snake (przepychacz linkowy) z dwiema zintegrowanymi szczotkami z br\u0105zu do dok\u0142adnego czyszczenia lufy. Idealny do stosowania po \u015brodkach czyszcz\u0105cych w piance lub sprayu. Zaprojektowany do bezpiecznego stosowania od komory nabojowej w kierunku wylotu lufy, bez uszkadzania korony. Posiada system szybkiej p\u0119tli do szybszych, powtarzanych przej\u015b\u0107. D\u0142ugo\u015b\u0107: ok. 215 cm.<\/p>","protected":false},"featured_media":905,"template":"","meta":[],"product_brand":[58],"product_cat":[57],"product_tag":[],"class_list":{"0":"post-902","1":"product","2":"type-product","3":"status-publish","4":"has-post-thumbnail","6":"product_brand-riflecx","7":"product_cat-gun-cleaning","9":"first","10":"instock","11":"taxable","12":"shipping-taxable","13":"purchasable","14":"product-type-simple"},"jetpack_sharing_enabled":true,"_links":{"self":[{"href":"https:\/\/niebanals.com\/pl\/wp-json\/wp\/v2\/product\/902","targetHints":{"allow":["GET"]}}],"collection":[{"href":"https:\/\/niebanals.com\/pl\/wp-json\/wp\/v2\/product"}],"about":[{"href":"https:\/\/niebanals.com\/pl\/wp-json\/wp\/v2\/types\/product"}],"wp:featuredmedia":[{"embeddable":true,"href":"https:\/\/niebanals.com\/pl\/wp-json\/wp\/v2\/media\/905"}],"wp:attachment":[{"href":"https:\/\/niebanals.com\/pl\/wp-json\/wp\/v2\/media?parent=902"}],"wp:term":[{"taxonomy":"product_brand","embeddable":true,"href":"https:\/\/niebanals.com\/pl\/wp-json\/wp\/v2\/product_brand?post=902"},{"taxonomy":"product_cat","embeddable":true,"href":"https:\/\/niebanals.com\/pl\/wp-json\/wp\/v2\/product_cat?post=902"},{"taxonomy":"product_tag","embeddable":true,"href":"https:\/\/niebanals.com\/pl\/wp-json\/wp\/v2\/product_tag?post=902"}],"curies":[{"name":"wp","href":"https:\/\/api.w.org\/{rel}","templated":true}]}}