{"id":899,"date":"2025-06-13T13:03:25","date_gmt":"2025-06-13T11:03:25","guid":{"rendered":"https:\/\/niebanals.com\/?post_type=product&#038;p=899"},"modified":"2026-02-18T10:43:26","modified_gmt":"2026-02-18T09:43:26","slug":"riflecx-military-soap-300-ml","status":"publish","type":"product","link":"https:\/\/niebanals.com\/pl\/produkt\/riflecx-military-soap-300-ml\/","title":{"rendered":"Myd\u0142o wojskowe RifleCX \u2013 300 ml"},"content":{"rendered":"<p data-start=\"0\" data-end=\"39\"><strong data-start=\"0\" data-end=\"37\">Dlaczego warto wybra\u0107 myd\u0142o wojskowe RifleCX?<\/strong><\/p>\n<p data-start=\"41\" data-end=\"276\">Ka\u017cdy oddany strza\u0142 uwalnia szkodliwe cz\u0105steczki, w tym o\u0142\u00f3w i inne metale ci\u0119\u017ckie. Te toksyny <strong data-start=\"138\" data-end=\"164\">gromadz\u0105 si\u0119 w organizmie<\/strong> z czasem \u2014 szczeg\u00f3lnie w w\u0105trobie, nerkach i uk\u0142adzie nerwowym \u2014 powoduj\u0105c powa\u017cne, d\u0142ugoterminowe skutki zdrowotne.<\/p>\n<p data-start=\"278\" data-end=\"454\"><strong data-start=\"278\" data-end=\"303\">Myd\u0142o wojskowe RifleCX<\/strong> Jest <strong data-start=\"307\" data-end=\"328\">klinicznie przetestowany<\/strong> i opracowane w celu <strong data-start=\"347\" data-end=\"370\">usun\u0105\u0107 metale ci\u0119\u017ckie<\/strong> ze sk\u00f3ry, w przeciwie\u0144stwie do zwyk\u0142ego myd\u0142a, kt\u00f3re mo\u017ce otwiera\u0107 pory i zwi\u0119ksza\u0107 wch\u0142anianie.<\/p>\n<p data-start=\"456\" data-end=\"586\">Bezpieczne do stosowania na <strong data-start=\"472\" data-end=\"497\">r\u0119kach, ciele i w\u0142osach<\/strong>, zawiera r\u00f3wnie\u017c <strong data-start=\"516\" data-end=\"539\">\u015brodki nawil\u017caj\u0105ce<\/strong> aby zapobiega\u0107 wysuszaniu i zachowa\u0107 zdrow\u0105 sk\u00f3r\u0119.<\/p>\n<p data-start=\"588\" data-end=\"752\" data-is-last-node=\"\" data-is-only-node=\"\"><strong data-start=\"588\" data-end=\"617\">Zatwierdzone dermatologicznie<\/strong>, to myd\u0142o stanowi niezb\u0119dny element higieny po strzelaniu \u2014 pomaga zmniejszy\u0107 ryzyko nara\u017cenia na o\u0142\u00f3w i zapewnia ochron\u0119.<\/p>\n<p data-start=\"2310\" data-end=\"2381\"><strong>Dane techniczne:<\/strong><\/p>\n<p data-start=\"2383\" data-end=\"2405\">Pojemno\u015b\u0107: 300 ml<\/p>","protected":false},"excerpt":{"rendered":"<p>Why choose RifleCX Military Soap? Every shot fired releases harmful particles, including lead and other heavy metals. These toxins accumulate in the body over time\u2014particularly in the liver, kidneys, and [&hellip;]<\/p>\n","protected":false},"featured_media":900,"template":"","meta":[],"product_brand":[58],"product_cat":[57],"product_tag":[],"class_list":{"0":"post-899","1":"product","2":"type-product","3":"status-publish","4":"has-post-thumbnail","6":"product_brand-riflecx","7":"product_cat-gun-cleaning","9":"first","10":"instock","11":"taxable","12":"shipping-taxable","13":"purchasable","14":"product-type-simple"},"jetpack_sharing_enabled":true,"_links":{"self":[{"href":"https:\/\/niebanals.com\/pl\/wp-json\/wp\/v2\/product\/899","targetHints":{"allow":["GET"]}}],"collection":[{"href":"https:\/\/niebanals.com\/pl\/wp-json\/wp\/v2\/product"}],"about":[{"href":"https:\/\/niebanals.com\/pl\/wp-json\/wp\/v2\/types\/product"}],"wp:featuredmedia":[{"embeddable":true,"href":"https:\/\/niebanals.com\/pl\/wp-json\/wp\/v2\/media\/900"}],"wp:attachment":[{"href":"https:\/\/niebanals.com\/pl\/wp-json\/wp\/v2\/media?parent=899"}],"wp:term":[{"taxonomy":"product_brand","embeddable":true,"href":"https:\/\/niebanals.com\/pl\/wp-json\/wp\/v2\/product_brand?post=899"},{"taxonomy":"product_cat","embeddable":true,"href":"https:\/\/niebanals.com\/pl\/wp-json\/wp\/v2\/product_cat?post=899"},{"taxonomy":"product_tag","embeddable":true,"href":"https:\/\/niebanals.com\/pl\/wp-json\/wp\/v2\/product_tag?post=899"}],"curies":[{"name":"wp","href":"https:\/\/api.w.org\/{rel}","templated":true}]}}