{"id":896,"date":"2025-06-13T12:58:02","date_gmt":"2025-06-13T10:58:02","guid":{"rendered":"https:\/\/niebanals.com\/?post_type=product&#038;p=896"},"modified":"2026-04-02T19:01:39","modified_gmt":"2026-04-02T17:01:39","slug":"riflecx-ceramic-grease-100-g","status":"publish","type":"product","link":"https:\/\/niebanals.com\/pl\/produkt\/riflecx-ceramic-grease-100-g\/","title":{"rendered":"Smar ceramiczny RifleCX \u2013 100 g"},"content":{"rendered":"<p data-start=\"0\" data-end=\"40\"><strong data-start=\"0\" data-end=\"38\">Dlaczego warto wybra\u0107 smar ceramiczny RifleCX?<\/strong><\/p>\n<p data-start=\"42\" data-end=\"239\">Elementy gwintowane, takie jak kompensatory, czoki lub kominki do czarnego prochu, s\u0105 podatne na <strong data-start=\"126\" data-end=\"149\">zacinanie i zacieranie<\/strong> je\u015bli nie s\u0105 odpowiednio konserwowane \u2014 zw\u0142aszcza po d\u0142u\u017cszym u\u017cytkowaniu lub nara\u017ceniu na dzia\u0142anie ciep\u0142a i zanieczyszcze\u0144.<\/p>\n<p data-start=\"241\" data-end=\"486\"><strong data-start=\"241\" data-end=\"267\">Smar ceramiczny RifleCX<\/strong> zapobiega blokowaniu si\u0119 gwintu poprzez tworzenie trwa\u0142ej, wysokotemperaturowej bariery chroni\u0105cej przed <strong data-start=\"361\" data-end=\"394\">wilgoci\u0105, ciep\u0142em i korozj\u0105<\/strong>. Idealnie nadaje si\u0119 do stosowania na <strong data-start=\"418\" data-end=\"452\">gwintach lufy, czokach strzelb<\/strong>i <strong data-start=\"458\" data-end=\"485\" data-is-only-node=\"\">elementach do broni czarnoprochowej<\/strong>.<\/p>\n<p data-start=\"488\" data-end=\"754\" data-is-last-node=\"\" data-is-only-node=\"\">Z doskona\u0142\u0105 <strong data-start=\"503\" data-end=\"544\">odporno\u015bci\u0105 na temperatur\u0119 (do 1400\u00b0C)<\/strong> i mocn\u0105 przyczepno\u015bci\u0105 do powierzchni, ten sta\u0142y smar ceramiczny zapewnia p\u0142ynny demonta\u017c i d\u0142ugotrwa\u0142\u0105 ochron\u0119 \u2014 to skuteczna alternatywa dla produkt\u00f3w w sprayu dla tych, kt\u00f3rzy preferuj\u0105 precyzyjn\u0105, kontrolowan\u0105 aplikacj\u0119.<\/p>\n<p data-start=\"1748\" data-end=\"1844\"><strong data-start=\"1748\" data-end=\"1773\">Instrukcja u\u017cytkowania:<\/strong><\/p>\n<p data-start=\"1748\" data-end=\"1844\">Po wyczyszczeniu gwintu nanie\u015b smar bezpo\u015brednio na powierzchni\u0119.<\/p>\n<p data-start=\"1851\" data-end=\"1872\"><strong data-start=\"1851\" data-end=\"1870\">Dane techniczne:<\/strong><\/p>\n<ul data-start=\"1873\" data-end=\"2160\">\n<li data-start=\"1873\" data-end=\"1915\">\n<p data-start=\"1875\" data-end=\"1915\">Wytrzymuje ekstremalne temperatury \u2013 do 1400\u00b0C<\/p>\n<\/li>\n<li data-start=\"1916\" data-end=\"2022\">\n<p data-start=\"1918\" data-end=\"2022\">Zachowuje wysok\u0105 plastyczno\u015b\u0107 w niskich temperaturach (potwierdzone przez Wojskowy Instytut Techniczny Lotnictwa)<\/p>\n<\/li>\n<li data-start=\"2023\" data-end=\"2040\">\n<p data-start=\"2025\" data-end=\"2040\">Pojemno\u015b\u0107: 100 g<\/p>\n<\/li>\n<li data-start=\"2041\" data-end=\"2076\">\n<p data-start=\"2043\" data-end=\"2076\">Wodoodporny i hydrofobowy<\/p>\n<\/li>\n<li data-start=\"2077\" data-end=\"2160\">\n<p data-start=\"2079\" data-end=\"2160\">Etykieta zawiera instrukcje u\u017cytkowania, w\u0142a\u015bciwo\u015bci i informacje dotycz\u0105ce bezpiecze\u0144stwa w j\u0119zyku polskim<\/p>\n<\/li>\n<\/ul>","protected":false},"excerpt":{"rendered":"<p>Wysokotemperaturowy smar ceramiczny do gwint\u00f3w lufy, czok\u00f3w i komink\u00f3w broni czarnoprochowej. Zapobiega zapiekaniu, zacieraniu i korozji podczas ekstremalnego u\u017cytkowania. Wytrzymuje do 1400\u00b0C, jest wodoodporny i idealny dla strzelc\u00f3w, kt\u00f3rzy wol\u0105 sta\u0142y smar od spray\u00f3w. Zapewnia p\u0142ynny demonta\u017c, nawet po intensywnym strzelaniu.<\/p>","protected":false},"featured_media":897,"template":"","meta":[],"product_brand":[58],"product_cat":[57],"product_tag":[],"class_list":{"0":"post-896","1":"product","2":"type-product","3":"status-publish","4":"has-post-thumbnail","6":"product_brand-riflecx","7":"product_cat-gun-cleaning","9":"first","10":"instock","11":"taxable","12":"shipping-taxable","13":"purchasable","14":"product-type-simple"},"jetpack_sharing_enabled":true,"_links":{"self":[{"href":"https:\/\/niebanals.com\/pl\/wp-json\/wp\/v2\/product\/896","targetHints":{"allow":["GET"]}}],"collection":[{"href":"https:\/\/niebanals.com\/pl\/wp-json\/wp\/v2\/product"}],"about":[{"href":"https:\/\/niebanals.com\/pl\/wp-json\/wp\/v2\/types\/product"}],"wp:featuredmedia":[{"embeddable":true,"href":"https:\/\/niebanals.com\/pl\/wp-json\/wp\/v2\/media\/897"}],"wp:attachment":[{"href":"https:\/\/niebanals.com\/pl\/wp-json\/wp\/v2\/media?parent=896"}],"wp:term":[{"taxonomy":"product_brand","embeddable":true,"href":"https:\/\/niebanals.com\/pl\/wp-json\/wp\/v2\/product_brand?post=896"},{"taxonomy":"product_cat","embeddable":true,"href":"https:\/\/niebanals.com\/pl\/wp-json\/wp\/v2\/product_cat?post=896"},{"taxonomy":"product_tag","embeddable":true,"href":"https:\/\/niebanals.com\/pl\/wp-json\/wp\/v2\/product_tag?post=896"}],"curies":[{"name":"wp","href":"https:\/\/api.w.org\/{rel}","templated":true}]}}