{"id":892,"date":"2025-06-13T11:55:39","date_gmt":"2025-06-13T09:55:39","guid":{"rendered":"https:\/\/niebanals.com\/?post_type=product&#038;p=892"},"modified":"2026-03-14T15:48:42","modified_gmt":"2026-03-14T14:48:42","slug":"riflecx-gun-cleaner-500-ml","status":"publish","type":"product","link":"https:\/\/niebanals.com\/pl\/produkt\/riflecx-gun-cleaner-500-ml\/","title":{"rendered":"\u015arodek czyszcz\u0105cy do broni RifleCX \u2013 500 ml"},"content":{"rendered":"<p data-start=\"431\" data-end=\"715\"><strong data-start=\"431\" data-end=\"461\">Dlaczego potrzebuj\u0119 \u015brodka do czyszczenia broni?<\/strong><\/p>\n<p data-start=\"39\" data-end=\"169\">Czyszczenie broni palnej po strzelaniu mo\u017ce by\u0107 czasoch\u0142onne, zw\u0142aszcza gdy mamy do czynienia z uporczywymi osadami w\u0119glowymi lub zanieczyszczeniami metalicznymi.<\/p>\n<p data-start=\"171\" data-end=\"398\"><strong data-start=\"171\" data-end=\"194\">\u015arodek do czyszczenia broni RifleCX<\/strong> jest opracowany tak, aby <strong data-start=\"212\" data-end=\"247\">usprawni\u0107 proces czyszczenia<\/strong>. Jego <strong data-start=\"253\" data-end=\"276\">natrysk wysokoci\u015bnieniowy<\/strong> i zaawansowana mieszanka rozpuszczalnik\u00f3w usuwaj\u0105 <strong data-start=\"311\" data-end=\"360\">w\u0119giel, o\u0142\u00f3w, mied\u017a, nikiel, olej i smar<\/strong>\u2014<strong data-start=\"361\" data-end=\"395\" data-is-only-node=\"\">bez konieczno\u015bci szorowania<\/strong>.<\/p>\n<p data-start=\"400\" data-end=\"523\">Mocno <strong data-start=\"403\" data-end=\"425\">szybko wyparowuje<\/strong>, pozostawiaj\u0105c powierzchni\u0119 czyst\u0105, such\u0105 i gotow\u0105 do zabezpieczenia olejem CLP lub sprayem piel\u0119gnacyjnym.<\/p>\n<p data-start=\"525\" data-end=\"707\" data-is-last-node=\"\" data-is-only-node=\"\">Bezpieczny dla <strong data-start=\"534\" data-end=\"555\">wszystkich rodzaj\u00f3w broni palnej<\/strong>, w tym tych z <strong data-start=\"578\" data-end=\"610\">elementami plastikowymi lub drewnianymi<\/strong>i <strong data-start=\"616\" data-end=\"650\">wolny od rozpuszczalnik\u00f3w chlorowanych<\/strong>, to niezawodny wyb\u00f3r zapewniaj\u0105cy szybk\u0105 i skuteczn\u0105 konserwacj\u0119.<\/p>\n<p data-start=\"1373\" data-end=\"1575\"><strong data-start=\"1373\" data-end=\"1398\">Instrukcja u\u017cytkowania:<\/strong><br data-start=\"1398\" data-end=\"1401\" \/>Skieruj strumie\u0144 \u015brodka czyszcz\u0105cego precyzyjnie na zabrudzone elementy broni.<\/p>\n<p data-start=\"1373\" data-end=\"1575\">Po wyczyszczeniu nale\u017cy wytrze\u0107 wszelkie pozosta\u0142o\u015bci szmatk\u0105, a nast\u0119pnie zastosowa\u0107 p\u0142yn konserwuj\u0105cy lub olej CLP.<\/p>\n<p data-start=\"1577\" data-end=\"1684\"><em data-start=\"1577\" data-end=\"1584\">Uwaga:<\/em> W przypadku niskiej jako\u015bci oksydowania (czernienia) mo\u017ce wyst\u0105pi\u0107 odbarwienie. Zalecamy najpierw przeprowadzenie testu na ma\u0142ym, ukrytym obszarze.<\/p>\n<div class=\"jetpack-video-wrapper\"><iframe loading=\"lazy\" title=\"\u015arodek do czyszczenia broni Riflecx\" width=\"1140\" height=\"641\" src=\"https:\/\/www.youtube.com\/embed\/zzH7C1-9GzU?feature=oembed\" frameborder=\"0\" allow=\"accelerometer; autoplay; clipboard-write; encrypted-media; gyroscope; picture-in-picture; web-share\" referrerpolicy=\"strict-origin-when-cross-origin\" allowfullscreen><\/iframe><\/div>\n<p data-start=\"1691\" data-end=\"1712\"><strong data-start=\"1691\" data-end=\"1710\">Dane techniczne:<\/strong><\/p>\n<ul data-start=\"1713\" data-end=\"2171\">\n<li data-start=\"1713\" data-end=\"1749\">\n<p data-start=\"1715\" data-end=\"1749\">Czy\u015bci i odt\u0142uszcza w jednym kroku<\/p>\n<\/li>\n<li data-start=\"1750\" data-end=\"1817\">\n<p data-start=\"1752\" data-end=\"1817\">Usuwa osady w\u0119gla, brudu, t\u0142uszczu, o\u0142owiu, miedzi i niklu<\/p>\n<\/li>\n<li data-start=\"1818\" data-end=\"1838\">\n<p data-start=\"1820\" data-end=\"1838\">Szybkie parowanie<\/p>\n<\/li>\n<li data-start=\"1839\" data-end=\"1892\">\n<p data-start=\"1841\" data-end=\"1892\">Jeden z produkt\u00f3w o najwy\u017cszym ci\u015bnieniu na rynku<\/p>\n<\/li>\n<li data-start=\"1893\" data-end=\"1958\">\n<p data-start=\"1895\" data-end=\"1958\">Nie zawiera kadmu, o\u0142owiu, acetonu, substancji \u017cr\u0105cych lub toksycznych<\/p>\n<\/li>\n<li data-start=\"1959\" data-end=\"2024\">\n<p data-start=\"1961\" data-end=\"2024\">Szybko wnika, rozpuszczaj\u0105c i usuwaj\u0105c zanieczyszczenia<\/p>\n<\/li>\n<li data-start=\"2025\" data-end=\"2077\">\n<p data-start=\"2027\" data-end=\"2077\">Precyzyjny aplikator ze s\u0142omk\u0105 do dok\u0142adnego stosowania<\/p>\n<\/li>\n<li data-start=\"2078\" data-end=\"2150\">\n<p data-start=\"2080\" data-end=\"2150\">Przed czyszczeniem plastiku lub drewna nale\u017cy wykona\u0107 pr\u00f3b\u0119 na ma\u0142ym, niewidocznym fragmencie<\/p>\n<\/li>\n<li data-start=\"2151\" data-end=\"2171\">\n<p data-start=\"2153\" data-end=\"2171\">Pojemno\u015b\u0107: 500 ml<\/p>\n<\/li>\n<\/ul>","protected":false},"excerpt":{"rendered":"<p>\u015arodek czyszcz\u0105cy do broni pod wysokim ci\u015bnieniem, kt\u00f3ry rozpuszcza w\u0119giel, o\u0142\u00f3w, mied\u017a, nikiel, olej i smar bez szorowania. Szybko odparowuje, pozostawia powierzchnie czyste i suche do dalszej konserwacji. Bezpieczny dla wszystkich broni palnych \u2014 nie uszkadza plastiku ani drewna. Formu\u0142a bez chloru z precyzyjn\u0105 s\u0142omk\u0105 do precyzyjnego czyszczenia.<\/p>","protected":false},"featured_media":1048,"template":"","meta":[],"product_brand":[58],"product_cat":[57],"product_tag":[],"class_list":{"0":"post-892","1":"product","2":"type-product","3":"status-publish","4":"has-post-thumbnail","6":"product_brand-riflecx","7":"product_cat-gun-cleaning","9":"first","10":"instock","11":"taxable","12":"shipping-taxable","13":"purchasable","14":"product-type-simple"},"jetpack_sharing_enabled":true,"_links":{"self":[{"href":"https:\/\/niebanals.com\/pl\/wp-json\/wp\/v2\/product\/892","targetHints":{"allow":["GET"]}}],"collection":[{"href":"https:\/\/niebanals.com\/pl\/wp-json\/wp\/v2\/product"}],"about":[{"href":"https:\/\/niebanals.com\/pl\/wp-json\/wp\/v2\/types\/product"}],"wp:featuredmedia":[{"embeddable":true,"href":"https:\/\/niebanals.com\/pl\/wp-json\/wp\/v2\/media\/1048"}],"wp:attachment":[{"href":"https:\/\/niebanals.com\/pl\/wp-json\/wp\/v2\/media?parent=892"}],"wp:term":[{"taxonomy":"product_brand","embeddable":true,"href":"https:\/\/niebanals.com\/pl\/wp-json\/wp\/v2\/product_brand?post=892"},{"taxonomy":"product_cat","embeddable":true,"href":"https:\/\/niebanals.com\/pl\/wp-json\/wp\/v2\/product_cat?post=892"},{"taxonomy":"product_tag","embeddable":true,"href":"https:\/\/niebanals.com\/pl\/wp-json\/wp\/v2\/product_tag?post=892"}],"curies":[{"name":"wp","href":"https:\/\/api.w.org\/{rel}","templated":true}]}}