{"id":889,"date":"2025-06-13T11:45:17","date_gmt":"2025-06-13T09:45:17","guid":{"rendered":"https:\/\/niebanals.com\/?post_type=product&#038;p=889"},"modified":"2026-02-18T10:43:15","modified_gmt":"2026-02-18T09:43:15","slug":"riflecx-compressed-air-500-ml","status":"publish","type":"product","link":"https:\/\/niebanals.com\/pl\/produkt\/riflecx-compressed-air-500-ml\/","title":{"rendered":"RifleCX Compressed Air \u2013 500 ml"},"content":{"rendered":"<p data-start=\"433\" data-end=\"830\"><strong data-start=\"433\" data-end=\"466\">Dlaczego potrzebuj\u0119 spr\u0119\u017conego powietrza?<\/strong><\/p>\n<p data-start=\"42\" data-end=\"151\">Spr\u0119\u017cone powietrze jest cz\u0119sto pomijane, ale jest niezb\u0119dnym narz\u0119dziem do <strong data-start=\"108\" data-end=\"150\">bezpiecznej i skutecznej konserwacji broni palnej<\/strong>.<\/p>\n<p data-start=\"153\" data-end=\"487\">. Idealnie nadaje si\u0119 do usuwania <strong data-start=\"177\" data-end=\"206\">kurzu, piasku, w\u0142\u00f3kien tkaniny<\/strong>i innych zanieczyszcze\u0144 z trudno dost\u0119pnych miejsc \u2014 przed czyszczeniem, w trakcie serwisowania lub po smarowaniu.<br data-start=\"306\" data-end=\"309\" \/>W przeciwie\u0144stwie do przecierania szmatk\u0105, spr\u0119\u017cone powietrze mo\u017ce <strong data-start=\"355\" data-end=\"390\">usun\u0105\u0107 wilgo\u0107 i zanieczyszczenia<\/strong> z wra\u017cliwych element\u00f3w, takich jak kana\u0142y iglicy lub mocowania optyki <strong data-start=\"459\" data-end=\"486\" data-is-only-node=\"\">bez pozostawiania osad\u00f3w<\/strong>.<\/p>\n<p data-start=\"489\" data-end=\"740\"><strong data-start=\"489\" data-end=\"515\">Spr\u0119\u017cone powietrze RifleCX<\/strong> jest specjalnie skalibrowane do u\u017cytku z broni\u0105 paln\u0105 \u2014<strong data-start=\"559\" data-end=\"580\">suche, bez pozosta\u0142o\u015bci<\/strong>i bezpieczne do stosowania na <strong data-start=\"602\" data-end=\"639\">kolimatorach, lunetach i elektronice<\/strong>. Ta\u0144sze alternatywy mog\u0105 zawiera\u0107 wilgo\u0107 lub mie\u0107 nier\u00f3wnomierne ci\u015bnienie, nara\u017caj\u0105c Tw\u00f3j sprz\u0119t na ryzyko.<\/p>\n<p data-start=\"742\" data-end=\"870\" data-is-last-node=\"\" data-is-only-node=\"\">Cz\u0119\u015b\u0107 kompletnego systemu <strong data-start=\"762\" data-end=\"790\">piel\u0119gnacji broni RifleCX<\/strong>, zapewnia <strong data-start=\"803\" data-end=\"843\">precyzj\u0119, bezpiecze\u0144stwo i kompatybilno\u015b\u0107<\/strong> na wszystkich etapach czyszczenia.<\/p>\n<p data-start=\"1724\" data-end=\"1922\"><strong data-start=\"1724\" data-end=\"1749\">Instrukcja u\u017cycia:<\/strong><br data-start=\"1749\" data-end=\"1752\" \/>Przymocuj s\u0142omk\u0119 do dyszy aplikatora. Skieruj precyzyjny strumie\u0144 powietrza na obszar, kt\u00f3ry chcesz osuszy\u0107 lub wyczy\u015bci\u0107. Idealny do usuwania piasku, kurzu i zanieczyszcze\u0144 z ciasnych miejsc.<\/p>\n<div class=\"jetpack-video-wrapper\"><iframe loading=\"lazy\" title=\"Compressed Air RifleCX\" width=\"1140\" height=\"641\" src=\"https:\/\/www.youtube.com\/embed\/4U8lhI1UhZw?feature=oembed\" frameborder=\"0\" allow=\"accelerometer; autoplay; clipboard-write; encrypted-media; gyroscope; picture-in-picture; web-share\" referrerpolicy=\"strict-origin-when-cross-origin\" allowfullscreen><\/iframe><\/div>\n<p data-start=\"1929\" data-end=\"1950\"><strong data-start=\"1929\" data-end=\"1948\">Dane techniczne:<\/strong><\/p>\n<ul data-start=\"1951\" data-end=\"2472\">\n<li data-start=\"1951\" data-end=\"2059\">\n<p data-start=\"1953\" data-end=\"2059\">Silny, skoncentrowany strumie\u0144 suchego powietrza usuwa zanieczyszczenia, pozosta\u0142o\u015bci po czyszczeniu i wilgo\u0107 z element\u00f3w broni palnej<\/p>\n<\/li>\n<li data-start=\"2060\" data-end=\"2098\">\n<p data-start=\"2062\" data-end=\"2098\">Dociera do trudno dost\u0119pnych i w\u0105skich miejsc<\/p>\n<\/li>\n<li data-start=\"2099\" data-end=\"2119\">\n<p data-start=\"2101\" data-end=\"2119\">Nie pozostawia \u015blad\u00f3w<\/p>\n<\/li>\n<li data-start=\"2120\" data-end=\"2154\">\n<p data-start=\"2122\" data-end=\"2154\">Przyspiesza proces czyszczenia<\/p>\n<\/li>\n<li data-start=\"2155\" data-end=\"2253\">\n<p data-start=\"2157\" data-end=\"2253\">Przetestowany i bezpieczny dla komponent\u00f3w broni palnej \u2013 zaufana cz\u0119\u015b\u0107 systemu do czyszczenia broni RifleCX<\/p>\n<\/li>\n<li data-start=\"2254\" data-end=\"2274\">\n<p data-start=\"2256\" data-end=\"2274\">Pojemno\u015b\u0107: 500 ml<\/p>\n<\/li>\n<li data-start=\"2275\" data-end=\"2306\">\n<p data-start=\"2277\" data-end=\"2306\">W zestawie precyzyjna dysza<\/p>\n<\/li>\n<li data-start=\"2307\" data-end=\"2356\">\n<p data-start=\"2309\" data-end=\"2356\">U\u017cyteczno\u015b\u0107 360\u00b0 \u2013 dzia\u0142a w ka\u017cdej orientacji puszki<\/p>\n<\/li>\n<li data-start=\"2357\" data-end=\"2472\">\n<p data-start=\"2359\" data-end=\"2472\">Etykieta zawiera instrukcje dotycz\u0105ce u\u017cytkowania, w\u0142a\u015bciwo\u015bci i informacje dotycz\u0105ce bezpiecze\u0144stwa w j\u0119zyku polskim, s\u0142owackim, ukrai\u0144skim i angielskim<\/p>\n<\/li>\n<\/ul>","protected":false},"excerpt":{"rendered":"<p>Suche, spr\u0119\u017cone powietrze pod wysokim ci\u015bnieniem do czyszczenia broni palnej i optyki. Skutecznie usuwa kurz, piasek, w\u0142\u00f3kna tkanin i wilgo\u0107 z trudno dost\u0119pnych miejsc, nie pozostawiaj\u0105c osadu. Bezpieczne do stosowania na broni palnej, kolimatorach i lunetach. Dostarczane z precyzyjn\u0105 dysz\u0105 i dzia\u0142a w ka\u017cdej pozycji.<\/p>","protected":false},"featured_media":890,"template":"","meta":[],"product_brand":[58],"product_cat":[57],"product_tag":[],"class_list":{"0":"post-889","1":"product","2":"type-product","3":"status-publish","4":"has-post-thumbnail","6":"product_brand-riflecx","7":"product_cat-gun-cleaning","9":"first","10":"instock","11":"taxable","12":"shipping-taxable","13":"purchasable","14":"product-type-simple"},"jetpack_sharing_enabled":true,"_links":{"self":[{"href":"https:\/\/niebanals.com\/pl\/wp-json\/wp\/v2\/product\/889","targetHints":{"allow":["GET"]}}],"collection":[{"href":"https:\/\/niebanals.com\/pl\/wp-json\/wp\/v2\/product"}],"about":[{"href":"https:\/\/niebanals.com\/pl\/wp-json\/wp\/v2\/types\/product"}],"wp:featuredmedia":[{"embeddable":true,"href":"https:\/\/niebanals.com\/pl\/wp-json\/wp\/v2\/media\/890"}],"wp:attachment":[{"href":"https:\/\/niebanals.com\/pl\/wp-json\/wp\/v2\/media?parent=889"}],"wp:term":[{"taxonomy":"product_brand","embeddable":true,"href":"https:\/\/niebanals.com\/pl\/wp-json\/wp\/v2\/product_brand?post=889"},{"taxonomy":"product_cat","embeddable":true,"href":"https:\/\/niebanals.com\/pl\/wp-json\/wp\/v2\/product_cat?post=889"},{"taxonomy":"product_tag","embeddable":true,"href":"https:\/\/niebanals.com\/pl\/wp-json\/wp\/v2\/product_tag?post=889"}],"curies":[{"name":"wp","href":"https:\/\/api.w.org\/{rel}","templated":true}]}}