{"id":885,"date":"2025-06-13T11:35:03","date_gmt":"2025-06-13T09:35:03","guid":{"rendered":"https:\/\/niebanals.com\/?post_type=product&#038;p=885"},"modified":"2026-04-02T19:05:04","modified_gmt":"2026-04-02T17:05:04","slug":"885","status":"publish","type":"product","link":"https:\/\/niebanals.com\/pl\/produkt\/885\/","title":{"rendered":"Smar PTFE RifleCX \u2013 100g"},"content":{"rendered":"<p data-start=\"81\" data-end=\"130\"><strong data-start=\"81\" data-end=\"130\">Dlaczego warto wybra\u0107 smar sta\u0142y RifleCX z Teflonem\u00ae?<\/strong><\/p>\n<p data-start=\"132\" data-end=\"447\">Smar sta\u0142y RifleCX jest specjalnie opracowany do stosowania na elementach o du\u017cym tarciu, takich jak t\u0142oki gazowe w broni d\u0142ugiej. Na\u0142o\u017cony po odt\u0142uszczeniu i zabezpieczeniu, znacznie upraszcza czyszczenie po u\u017cyciu \u2014 w\u0119giel i zanieczyszczenia s\u0105 \u0142atwiej usuwane, cz\u0119sto wymagaj\u0105c jedynie prostego przetarcia szmatk\u0105.<\/p>\n<p data-start=\"449\" data-end=\"646\">Ten smar poprawia p\u0142ynno\u015b\u0107 dzia\u0142ania broni palnej poprzez redukcj\u0119 tarcia i zu\u017cycia mechanicznego. Zapewnia r\u00f3wnie\u017c d\u0142ugotrwa\u0142\u0105 ochron\u0119 przed korozj\u0105 i gromadzeniem si\u0119 pozosta\u0142o\u015bci spalania.<\/p>\n<p data-start=\"648\" data-end=\"942\">Cech\u0105 wyr\u00f3\u017cniaj\u0105c\u0105 RifleCX jest wykorzystanie <strong data-start=\"686\" data-end=\"713\">oryginalnego DuPont\u2122 Teflon\u00ae<\/strong>, oferuj\u0105c lepsz\u0105 wydajno\u015b\u0107 w por\u00f3wnaniu do generycznych alternatyw. Formu\u0142a pozostaje stabilna w ekstremalnych temperaturach, od <strong data-start=\"840\" data-end=\"888\">-60\u00b0C do znacznie powy\u017cej typowych zakres\u00f3w roboczych<\/strong>, zachowuj\u0105c jednocze\u015bnie swoj\u0105 konsystencj\u0119 i skuteczno\u015b\u0107.<\/p>\n<p data-start=\"944\" data-end=\"1075\">Smar sta\u0142y RifleCX idealnie nadaje si\u0119 do karabin\u00f3w p\u00f3\u0142automatycznych i automatycznych, w kt\u00f3rych niezawodno\u015b\u0107 dzia\u0142ania i \u0142atwo\u015b\u0107 konserwacji maj\u0105 kluczowe znaczenie.<\/p>\n<p data-start=\"1509\" data-end=\"1536\"><strong data-start=\"1509\" data-end=\"1534\">Instrukcja u\u017cycia:<\/strong><\/p>\n<ul data-start=\"1537\" data-end=\"1675\">\n<li data-start=\"1537\" data-end=\"1592\">\n<p data-start=\"1539\" data-end=\"1592\">Wyczy\u015b\u0107 wszystkie elementy broni palnej przy u\u017cyciu produkt\u00f3w RifleCX<\/p>\n<\/li>\n<li data-start=\"1593\" data-end=\"1675\">\n<p data-start=\"1595\" data-end=\"1675\">Wyjmij z pojemnika odmierzon\u0105 ilo\u015b\u0107 smaru i na\u0142\u00f3\u017c go na bro\u0144.<\/p>\n<div class=\"jetpack-video-wrapper\"><iframe loading=\"lazy\" title=\"Smar teflonowy RifleCX\" width=\"1140\" height=\"641\" src=\"https:\/\/www.youtube.com\/embed\/7s10uKncwI8?feature=oembed\" frameborder=\"0\" allow=\"accelerometer; autoplay; clipboard-write; encrypted-media; gyroscope; picture-in-picture; web-share\" referrerpolicy=\"strict-origin-when-cross-origin\" allowfullscreen><\/iframe><\/div>\n<\/li>\n<\/ul>\n<p data-start=\"1682\" data-end=\"1703\"><strong data-start=\"1682\" data-end=\"1701\">Dane techniczne:<\/strong><\/p>\n<ul data-start=\"1704\" data-end=\"2043\" data-is-last-node=\"\" data-is-only-node=\"\">\n<li data-start=\"1704\" data-end=\"1746\">\n<p data-start=\"1706\" data-end=\"1746\">Stabilny w szerokim zakresie temperatur<\/p>\n<\/li>\n<li data-start=\"1747\" data-end=\"1794\">\n<p data-start=\"1749\" data-end=\"1794\">Bezpieczny dla u\u017cytkownik\u00f3w (wolny od szkodliwych substancji)<\/p>\n<\/li>\n<li data-start=\"1795\" data-end=\"1852\">\n<p data-start=\"1797\" data-end=\"1852\">Bezpieczny dla wszystkich powierzchni (metalu, tworzyw sztucznych, gumy itp.)<\/p>\n<\/li>\n<li data-start=\"1853\" data-end=\"1879\">\n<p data-start=\"1855\" data-end=\"1879\">Wytrzymuje du\u017ce obci\u0105\u017cenia<\/p>\n<\/li>\n<li data-start=\"1880\" data-end=\"1947\">\n<p data-start=\"1882\" data-end=\"1947\">Tiksotropowy (staje si\u0119 p\u0142ynny pod wp\u0142ywem napr\u0119\u017ce\u0144, a nast\u0119pnie ponownie twardnieje)<\/p>\n<\/li>\n<li data-start=\"1948\" data-end=\"1967\">\n<p data-start=\"1950\" data-end=\"1967\">Wodoodporny<\/p>\n<\/li>\n<li data-start=\"1968\" data-end=\"1985\">\n<p data-start=\"1970\" data-end=\"1985\">Niepalny<\/p>\n<\/li>\n<li data-start=\"1986\" data-end=\"2028\">\n<p data-start=\"1988\" data-end=\"2028\">Chroni powierzchnie metalowe przed korozj\u0105<\/p>\n<\/li>\n<li data-start=\"2029\" data-end=\"2043\" data-is-last-node=\"\">\n<p data-start=\"2031\" data-end=\"2043\" data-is-last-node=\"\">Pojemno\u015b\u0107: 100g<\/p>\n<\/li>\n<\/ul>","protected":false},"excerpt":{"rendered":"<p data-start=\"0\" data-end=\"362\">Wysokowydajny sta\u0142y smar PTFE do d\u0142ugiej broni. Zmniejsza tarcie, zapobiega korozji i u\u0142atwia czyszczenie, zapobiegaj\u0105c przywieraniu zanieczyszcze\u0144 do metalu. Wykonany z oryginalnego DuPont Teflon\u00ae, wytrzymuje ekstremalne temperatury od -60\u00b0C w g\u00f3r\u0119. Wodoodporny, niepalny i bezpieczny dla wszystkich powierzchni.<\/p>","protected":false},"featured_media":886,"template":"","meta":[],"product_brand":[58],"product_cat":[57],"product_tag":[],"class_list":{"0":"post-885","1":"product","2":"type-product","3":"status-publish","4":"has-post-thumbnail","6":"product_brand-riflecx","7":"product_cat-gun-cleaning","9":"first","10":"instock","11":"taxable","12":"shipping-taxable","13":"purchasable","14":"product-type-simple"},"jetpack_sharing_enabled":true,"_links":{"self":[{"href":"https:\/\/niebanals.com\/pl\/wp-json\/wp\/v2\/product\/885","targetHints":{"allow":["GET"]}}],"collection":[{"href":"https:\/\/niebanals.com\/pl\/wp-json\/wp\/v2\/product"}],"about":[{"href":"https:\/\/niebanals.com\/pl\/wp-json\/wp\/v2\/types\/product"}],"wp:featuredmedia":[{"embeddable":true,"href":"https:\/\/niebanals.com\/pl\/wp-json\/wp\/v2\/media\/886"}],"wp:attachment":[{"href":"https:\/\/niebanals.com\/pl\/wp-json\/wp\/v2\/media?parent=885"}],"wp:term":[{"taxonomy":"product_brand","embeddable":true,"href":"https:\/\/niebanals.com\/pl\/wp-json\/wp\/v2\/product_brand?post=885"},{"taxonomy":"product_cat","embeddable":true,"href":"https:\/\/niebanals.com\/pl\/wp-json\/wp\/v2\/product_cat?post=885"},{"taxonomy":"product_tag","embeddable":true,"href":"https:\/\/niebanals.com\/pl\/wp-json\/wp\/v2\/product_tag?post=885"}],"curies":[{"name":"wp","href":"https:\/\/api.w.org\/{rel}","templated":true}]}}