{"id":882,"date":"2025-06-13T11:23:37","date_gmt":"2025-06-13T09:23:37","guid":{"rendered":"https:\/\/niebanals.com\/?post_type=product&#038;p=882"},"modified":"2026-02-18T10:45:50","modified_gmt":"2026-02-18T09:45:50","slug":"riflecx-cx80-clp-synthetic-oil-20-ml","status":"publish","type":"product","link":"https:\/\/niebanals.com\/pl\/produkt\/riflecx-cx80-clp-synthetic-oil-20-ml\/","title":{"rendered":"Olej syntetyczny RifleCX CX80 CLP \u2013 20 ml"},"content":{"rendered":"<p data-start=\"116\" data-end=\"1097\"><strong data-start=\"116\" data-end=\"142\">Dlaczego potrzebuj\u0119 oleju CLP?<\/strong><\/p>\n<p data-start=\"35\" data-end=\"339\"><strong data-start=\"35\" data-end=\"46\">Olej CLP<\/strong> jest niezb\u0119dny do utrzymania broni palnej <strong data-start=\"85\" data-end=\"105\">w p\u0142ynnym dzia\u0142aniu<\/strong> i <strong data-start=\"110\" data-end=\"133\">chronionej przed zu\u017cyciem<\/strong>. Stosowany po czyszczeniu i obr\u00f3bce powierzchni, zapewnia optymaln\u0105 wydajno\u015b\u0107 poprzez smarowanie <strong data-start=\"227\" data-end=\"252\" data-is-only-node=\"\">kluczowych ruchomych cz\u0119\u015bci<\/strong> jak szyny zamka, zesp\u00f3\u0142 spustowy, a nawet po\u0142\u0105czenie lufy z zamkiem w pistoletach.<\/p>\n<p data-start=\"341\" data-end=\"556\">Olej RifleCX CLP charakteryzuje si\u0119 <strong data-start=\"368\" data-end=\"401\">g\u0119st\u0105, odporn\u0105 na k\u0142aczki formu\u0142\u0105<\/strong> kt\u00f3ra nie przyci\u0105ga kurzu ani zanieczyszcze\u0144. Wystarczy <strong data-start=\"446\" data-end=\"462\">niewielka ilo\u015b\u0107<\/strong> aby zmniejszy\u0107 tarcie, zapobiec korozji i chroni\u0107 przed wod\u0105, kwasami i zasadami.<\/p>\n<p data-start=\"558\" data-end=\"739\" data-is-last-node=\"\" data-is-only-node=\"\">Mocno <strong data-start=\"561\" data-end=\"581\">przylega<\/strong>, zapewniaj\u0105c d\u0142ugotrwa\u0142\u0105 ochron\u0119 nawet w warunkach <strong data-start=\"627\" data-end=\"673\">wysokiego ci\u015bnienia, wysokiej temperatury i napr\u0119\u017ce\u0144 mechanicznych<\/strong>. Bezpieczny dla wszystkich materia\u0142\u00f3w broni palnej, w tym <strong data-start=\"717\" data-end=\"738\">element\u00f3w drewnianych<\/strong>.<\/p>\n<p data-start=\"1104\" data-end=\"1480\"><strong data-start=\"1104\" data-end=\"1129\">Instrukcja u\u017cycia:<\/strong><br data-start=\"1129\" data-end=\"1132\" \/>Nanie\u015b olej na ruchome cz\u0119\u015bci, aby zabezpieczy\u0107 ich powierzchnie i zmniejszy\u0107 tarcie \u2013 dotyczy to zw\u0142aszcza cz\u0119\u015bci nara\u017conych na wysokie temperatury (do 250\u00b0C).<\/p>\n<p data-start=\"1104\" data-end=\"1480\">Olej chroni podzespo\u0142y broni palnej przed wod\u0105, kwasami i zasadami.<\/p>\n<p data-start=\"1104\" data-end=\"1480\">Utrzymuje si\u0119 na ruchomych i obracaj\u0105cych si\u0119 powierzchniach przez bardzo d\u0142ugi czas, zapobiegaj\u0105c przywieraniu resztek spalania prochu i innych zanieczyszcze\u0144.<\/p>\n<div class=\"jetpack-video-wrapper\"><iframe loading=\"lazy\" title=\"CLP OIL Riflecx\" width=\"1140\" height=\"641\" src=\"https:\/\/www.youtube.com\/embed\/aJniUHIpV5g?feature=oembed\" frameborder=\"0\" allow=\"accelerometer; autoplay; clipboard-write; encrypted-media; gyroscope; picture-in-picture; web-share\" referrerpolicy=\"strict-origin-when-cross-origin\" allowfullscreen><\/iframe><\/div>\n<p data-start=\"1487\" data-end=\"1508\"><strong data-start=\"1487\" data-end=\"1506\">Dane techniczne:<\/strong><\/p>\n<ul data-start=\"1509\" data-end=\"2053\">\n<li data-start=\"1509\" data-end=\"1620\">\n<p data-start=\"1511\" data-end=\"1620\">Zapewnia doskona\u0142\u0105 ochron\u0119 przed zu\u017cyciem, chroni\u0105c cz\u0119\u015bci przed mikrow\u017cerami (uszkodzeniami powierzchni spowodowanymi zm\u0119czeniem)<\/p>\n<\/li>\n<li data-start=\"1621\" data-end=\"1686\">\n<p data-start=\"1623\" data-end=\"1686\">Tworzy barier\u0119 przed agresywn\u0105 wod\u0105 lub gazami \u017cr\u0105cymi<\/p>\n<\/li>\n<li data-start=\"1687\" data-end=\"1724\">\n<p data-start=\"1689\" data-end=\"1724\">Zwi\u0119ksza odporno\u015b\u0107 na utlenianie<\/p>\n<\/li>\n<li data-start=\"1725\" data-end=\"1838\">\n<p data-start=\"1727\" data-end=\"1838\">Zapewnia stabilno\u015b\u0107 termiczno-oksydacyjn\u0105 \u2013 d\u0142ugotrwa\u0142\u0105 ochron\u0119 przed korozj\u0105 i utlenianiem smarowanych powierzchni<\/p>\n<\/li>\n<li data-start=\"1839\" data-end=\"1859\">\n<p data-start=\"1841\" data-end=\"1859\">Pojemno\u015b\u0107: 20 ml<\/p>\n<\/li>\n<li data-start=\"1860\" data-end=\"1888\">\n<p data-start=\"1862\" data-end=\"1888\">Precyzyjna ko\u0144c\u00f3wka aplikatora<\/p>\n<\/li>\n<li data-start=\"1889\" data-end=\"1930\">\n<p data-start=\"1891\" data-end=\"1930\">Skuteczny w temperaturach do 250\u00b0C<\/p>\n<\/li>\n<li data-start=\"1931\" data-end=\"2053\">\n<p data-start=\"1933\" data-end=\"2053\">Etykieta produktu zawiera instrukcje dotycz\u0105ce u\u017cytkowania, w\u0142a\u015bciwo\u015bci i wytyczne dotycz\u0105ce bezpiecze\u0144stwa w j\u0119zyku polskim, s\u0142owackim, ukrai\u0144skim i angielskim<\/p>\n<\/li>\n<\/ul>","protected":false},"excerpt":{"rendered":"<p>Wysokowydajny syntetyczny olej CLP do konserwacji broni palnej. Zmniejsza zu\u017cycie i tarcie ruchomych cz\u0119\u015bci, takich jak zamki i mechanizmy spustowe, chroni\u0105c jednocze\u015bnie przed wod\u0105, kwasami i korozj\u0105. Jego g\u0119sta formu\u0142a nie przyci\u0105ga kurzu i zapewnia p\u0142ynn\u0105 prac\u0119 nawet przy wysokim ci\u015bnieniu i temperaturach do 250\u00b0C. Trwa\u0142y i bezpieczny dla drewna. Idealny do smarowania po czyszczeniu. Wygodny i por\u0119czny format.<\/p>","protected":false},"featured_media":883,"template":"","meta":[],"product_brand":[58],"product_cat":[57],"product_tag":[],"class_list":{"0":"post-882","1":"product","2":"type-product","3":"status-publish","4":"has-post-thumbnail","6":"product_brand-riflecx","7":"product_cat-gun-cleaning","9":"first","10":"instock","11":"taxable","12":"shipping-taxable","13":"purchasable","14":"product-type-simple"},"jetpack_sharing_enabled":true,"_links":{"self":[{"href":"https:\/\/niebanals.com\/pl\/wp-json\/wp\/v2\/product\/882","targetHints":{"allow":["GET"]}}],"collection":[{"href":"https:\/\/niebanals.com\/pl\/wp-json\/wp\/v2\/product"}],"about":[{"href":"https:\/\/niebanals.com\/pl\/wp-json\/wp\/v2\/types\/product"}],"wp:featuredmedia":[{"embeddable":true,"href":"https:\/\/niebanals.com\/pl\/wp-json\/wp\/v2\/media\/883"}],"wp:attachment":[{"href":"https:\/\/niebanals.com\/pl\/wp-json\/wp\/v2\/media?parent=882"}],"wp:term":[{"taxonomy":"product_brand","embeddable":true,"href":"https:\/\/niebanals.com\/pl\/wp-json\/wp\/v2\/product_brand?post=882"},{"taxonomy":"product_cat","embeddable":true,"href":"https:\/\/niebanals.com\/pl\/wp-json\/wp\/v2\/product_cat?post=882"},{"taxonomy":"product_tag","embeddable":true,"href":"https:\/\/niebanals.com\/pl\/wp-json\/wp\/v2\/product_tag?post=882"}],"curies":[{"name":"wp","href":"https:\/\/api.w.org\/{rel}","templated":true}]}}