{"id":875,"date":"2025-06-13T11:07:14","date_gmt":"2025-06-13T09:07:14","guid":{"rendered":"https:\/\/niebanals.com\/?post_type=product&#038;p=875"},"modified":"2026-04-02T19:02:15","modified_gmt":"2026-04-02T17:02:15","slug":"riflecx-cx80-barrel-foam-gun-cleaner-500-ml","status":"publish","type":"product","link":"https:\/\/niebanals.com\/pl\/produkt\/riflecx-cx80-barrel-foam-gun-cleaner-500-ml\/","title":{"rendered":"Pianka czyszcz\u0105ca do broni RifleCX CX80 Barrel \u2013 500 ml"},"content":{"rendered":"<p data-start=\"117\" data-end=\"1197\"><strong data-start=\"117\" data-end=\"143\">Po co mi pianka?<\/strong><\/p>\n<p data-start=\"39\" data-end=\"160\">Tradycyjne czyszczenie rozpuszczalnikiem i szczotk\u0105 do lufy dzia\u0142a, ale <strong data-start=\"100\" data-end=\"140\">\u015brodki pieni\u0105ce czyszcz\u0105 dok\u0142adniej<\/strong> z mniejszym wysi\u0142kiem.<\/p>\n<p data-start=\"162\" data-end=\"377\">Pianka do lufy RifleCX charakteryzuje si\u0119 <strong data-start=\"193\" data-end=\"221\">g\u0119st\u0105, rozpr\u0119\u017caj\u0105c\u0105 si\u0119 formu\u0142\u0105<\/strong> kt\u00f3ra pozostaje aktywna wewn\u0105trz lufy przez <strong data-start=\"264\" data-end=\"284\">do 10 minut<\/strong>, co zapewnia dok\u0142adne wyczyszczenie ka\u017cdego milimetra gwintu bez kapania lub przedwczesnego wysychania.<\/p>\n<p data-start=\"379\" data-end=\"647\">Skutecznie usuwa <strong data-start=\"402\" data-end=\"438\">osady prochowe i zanieczyszczenia metaliczne<\/strong> (mied\u017a, nikiel, o\u0142\u00f3w), pozostaj\u0105c <strong data-start=\"479\" data-end=\"513\">bezpieczna dla wszystkich rodzaj\u00f3w broni palnej<\/strong>, w tym luf gwintowanych. Nie wymaga mocnego szorowania \u2014 wystarczy na\u0142o\u017cy\u0107 piank\u0119, pozwoli\u0107 jej dzia\u0142a\u0107 i wytrze\u0107 wacikami lub mi\u0119kk\u0105 szczotk\u0105.<\/p>\n<p data-start=\"649\" data-end=\"778\">Wyposa\u017cona w <strong data-start=\"665\" data-end=\"690\">tub\u0119 aplikatora 60 cm<\/strong>, idealnie nadaje si\u0119 do luf o dowolnej d\u0142ugo\u015bci i mo\u017ce by\u0107 r\u00f3wnie\u017c stosowana do <strong data-start=\"754\" data-end=\"775\">czyszczenia rurki gazowej<\/strong>.<\/p>\n<p data-start=\"780\" data-end=\"876\" data-is-last-node=\"\" data-is-only-node=\"\">Prosty, bezproblemowy krok, kt\u00f3ry zapewnia spok\u00f3j ducha i <strong data-start=\"833\" data-end=\"855\">zapobiega korozji<\/strong> d\u0142ugo po czyszczeniu.<\/p>\n<p data-start=\"1204\" data-end=\"1942\"><strong data-start=\"1204\" data-end=\"1227\">Spos\u00f3b u\u017cycia:<\/strong><br data-start=\"1227\" data-end=\"1230\" \/>Dzia\u0142a doskonale nawet z d\u0142ugimi lufami. Rurka o d\u0142ugo\u015bci 60 cm pozwala pianie ca\u0142kowicie i szczelnie wype\u0142ni\u0107 ka\u017cdy centymetr lufy. Piana reaguje z zanieczyszczeniami, zmi\u0119kczaj\u0105c je i u\u0142atwiaj\u0105c p\u00f3\u017aniejsze czyszczenie szczotkami.<\/p>\n<p data-start=\"1204\" data-end=\"1942\">W przeciwie\u0144stwie do wielu innych pianek, pianka RifleCX zachowuje swoj\u0105 g\u0119sto\u015b\u0107 przez ca\u0142y proces czyszczenia \u2013 gwarantuj\u0105c dok\u0142adne czyszczenie.<\/p>\n<p data-start=\"1204\" data-end=\"1942\">Po na\u0142o\u017ceniu pozostaje na miejscu przez oko\u0142o 10 minut. Zalecamy nast\u0119pnie u\u017cycie szczotki do lufy, aby upewni\u0107 si\u0119, \u017ce lufa jest idealnie czysta, a potem przecieranie wacikami a\u017c do uzyskania czystej powierzchni.<\/p>\n<p data-start=\"1204\" data-end=\"1942\">Na koniec wyczy\u015b\u0107 ca\u0142o\u015b\u0107 filcow\u0105 zatyczk\u0105.<\/p>\n<p data-start=\"1204\" data-end=\"1942\">Uwaga: W przypadku niskiej jako\u015bci oksydowania mo\u017ce wyst\u0105pi\u0107 odbarwienie. Zalecamy najpierw przetestowanie produktu na ma\u0142ym, niewidocznym obszarze.<\/p>\n<div class=\"jetpack-video-wrapper\"><iframe loading=\"lazy\" title=\"Pianka lufowa Riflecx\" width=\"1140\" height=\"641\" src=\"https:\/\/www.youtube.com\/embed\/4fA9mrHiezs?feature=oembed\" frameborder=\"0\" allow=\"accelerometer; autoplay; clipboard-write; encrypted-media; gyroscope; picture-in-picture; web-share\" referrerpolicy=\"strict-origin-when-cross-origin\" allowfullscreen><\/iframe><\/div>\n<p data-start=\"1204\" data-end=\"1942\"><strong data-start=\"1949\" data-end=\"1968\">Dane techniczne:<\/strong><\/p>\n<ul data-start=\"1971\" data-end=\"2750\">\n<li data-start=\"1971\" data-end=\"2041\">\n<p data-start=\"1973\" data-end=\"2041\">\u015arodek czyszcz\u0105cy alkaliczny opracowany specjalnie do czyszczenia luf<\/p>\n<\/li>\n<li data-start=\"2042\" data-end=\"2244\">\n<p data-start=\"2044\" data-end=\"2244\">Formu\u0142a zapewnia doskona\u0142e zwil\u017canie powierzchni i skuteczn\u0105 emulgacj\u0119 brudu, zapewniaj\u0105c \u015bwietne rezultaty ju\u017c po pierwszym u\u017cyciu \u2013 cz\u0119sto eliminuj\u0105c potrzeb\u0119 powtarzania aplikacji, oszcz\u0119dzaj\u0105c czas i pieni\u0105dze<\/p>\n<\/li>\n<li data-start=\"2042\" data-end=\"2244\">\n<p data-start=\"2044\" data-end=\"2244\">Zawiera specjalnie dobrane \u015brodki powierzchniowo czynne i inhibitory korozji, kt\u00f3re chroni\u0105 metal przed rdzewieniem, mimo \u017ce jest to produkt na bazie wody.<\/p>\n<\/li>\n<li data-start=\"2384\" data-end=\"2452\">\n<p data-start=\"2386\" data-end=\"2452\">Usuwa pozosta\u0142o\u015bci prochu, zanieczyszczenia i inne zanieczyszczenia z przewodu lufy<\/p>\n<\/li>\n<li data-start=\"2453\" data-end=\"2495\">\n<p data-start=\"2455\" data-end=\"2495\">Nie pozostawia osad\u00f3w na czyszczonych powierzchniach<\/p>\n<\/li>\n<li data-start=\"2496\" data-end=\"2568\">\n<p data-start=\"2498\" data-end=\"2568\">Tuba aplikacyjna o d\u0142ugo\u015bci 60 cm umo\u017cliwia dok\u0142adne stosowanie nawet w bardzo d\u0142ugich lufach<\/p>\n<\/li>\n<li data-start=\"2569\" data-end=\"2587\">\n<p data-start=\"2571\" data-end=\"2587\">Pojemno\u015b\u0107: 500 ml<\/p>\n<\/li>\n<li data-start=\"2588\" data-end=\"2640\">\n<p data-start=\"2590\" data-end=\"2640\">U\u017cyteczno\u015b\u0107 360\u00b0: dzia\u0142a w dowolnej orientacji puszki<\/p>\n<\/li>\n<li data-start=\"2641\" data-end=\"2750\">\n<p data-start=\"2643\" data-end=\"2750\">Etykieta zawiera instrukcje, w\u0142a\u015bciwo\u015bci i informacje dotycz\u0105ce bezpiecze\u0144stwa w j\u0119zyku polskim, s\u0142owackim, ukrai\u0144skim i angielskim<\/p>\n<\/li>\n<\/ul>","protected":false},"excerpt":{"rendered":"<p>Mocny alkaliczny \u015brodek czyszcz\u0105cy w postaci piany do luf broni palnej. Rozpr\u0119\u017ca si\u0119 i pozostaje aktywny przez 10 minut, usuwaj\u0105c pozosta\u0142o\u015bci prochu, mied\u017a, o\u0142\u00f3w i nikiel bez kapania. Bezpieczny dla wszystkich broni palnych. Zawiera 60-centymetrow\u0105 tub\u0119 aplikatora do d\u0142ugich luf. Nie wymaga szorowania \u2014 wystarczy na\u0142o\u017cy\u0107, odczeka\u0107 i wytrze\u0107.<\/p>","protected":false},"featured_media":877,"template":"","meta":[],"product_brand":[58],"product_cat":[57],"product_tag":[],"class_list":{"0":"post-875","1":"product","2":"type-product","3":"status-publish","4":"has-post-thumbnail","6":"product_brand-riflecx","7":"product_cat-gun-cleaning","9":"first","10":"instock","11":"taxable","12":"shipping-taxable","13":"purchasable","14":"product-type-simple"},"jetpack_sharing_enabled":true,"_links":{"self":[{"href":"https:\/\/niebanals.com\/pl\/wp-json\/wp\/v2\/product\/875","targetHints":{"allow":["GET"]}}],"collection":[{"href":"https:\/\/niebanals.com\/pl\/wp-json\/wp\/v2\/product"}],"about":[{"href":"https:\/\/niebanals.com\/pl\/wp-json\/wp\/v2\/types\/product"}],"wp:featuredmedia":[{"embeddable":true,"href":"https:\/\/niebanals.com\/pl\/wp-json\/wp\/v2\/media\/877"}],"wp:attachment":[{"href":"https:\/\/niebanals.com\/pl\/wp-json\/wp\/v2\/media?parent=875"}],"wp:term":[{"taxonomy":"product_brand","embeddable":true,"href":"https:\/\/niebanals.com\/pl\/wp-json\/wp\/v2\/product_brand?post=875"},{"taxonomy":"product_cat","embeddable":true,"href":"https:\/\/niebanals.com\/pl\/wp-json\/wp\/v2\/product_cat?post=875"},{"taxonomy":"product_tag","embeddable":true,"href":"https:\/\/niebanals.com\/pl\/wp-json\/wp\/v2\/product_tag?post=875"}],"curies":[{"name":"wp","href":"https:\/\/api.w.org\/{rel}","templated":true}]}}