{"id":813,"date":"2024-11-15T14:24:35","date_gmt":"2024-11-15T13:24:35","guid":{"rendered":"https:\/\/niebanals.com\/?post_type=product&#038;p=813"},"modified":"2026-02-18T00:21:11","modified_gmt":"2026-02-17T23:21:11","slug":"big-fanny-full-camo","status":"publish","type":"product","link":"https:\/\/niebanals.com\/pl\/produkt\/big-fanny-full-camo\/","title":{"rendered":"Big Fanny \u2013 Full Camo"},"content":{"rendered":"<p><strong>G\u0142\u00f3wne cechy:<\/strong><\/p>\n<ul>\n<li><strong>Trwa\u0142y materia\u0142:<\/strong> Wykonane z wysokiej jako\u015bci materia\u0142u Cordura, gwarantuj\u0105cego d\u0142ugotrwa\u0142\u0105 wytrzyma\u0142o\u015b\u0107.<\/li>\n<li><strong>Bezpieczne zamki b\u0142yskawiczne:<\/strong> Najwy\u017cszej jako\u015bci zamki b\u0142yskawiczne YKK zapewniaj\u0105 bezpiecze\u0144stwo Twoich rzeczy.<\/li>\n<li><strong>Wygodny brelok:<\/strong> Zawiera elastyczn\u0105 link\u0119 z mo\u017cliwo\u015bci\u0105 szybkiego odpi\u0119cia, dzi\u0119ki kt\u00f3rej klucze b\u0119d\u0105 zawsze pod r\u0119k\u0105.<\/li>\n<li><strong>Kiesze\u0144 wewn\u0119trzna:<\/strong> Zamykana na suwak kiesze\u0144 wewn\u0105trz zapewnia dodatkowe bezpiecze\u0144stwo Twoim dokumentom lub drobnym monetom.<\/li>\n<li><strong>Regulowany pasek:<\/strong> Posiada solidny nylonowy pasek z klamr\u0105 szybkiego zwalniania. D\u0142ugo\u015b\u0107 paska wynosi 82 cm, mo\u017cna go regulowa\u0107, aby pasowa\u0142 do obwodu 87\u2013124 cm, zapewniaj\u0105c wygodne dopasowanie, niezale\u017cnie od tego, czy nosi si\u0119 go na ramieniu, czy wok\u00f3\u0142 bioder.<\/li>\n<li><strong>Idealne wymiary:<\/strong> Saszetka o wymiarach 26 cm (szeroko\u015b\u0107) x 16 cm (wysoko\u015b\u0107) x 9 cm (g\u0142\u0119boko\u015b\u0107) ma idealny rozmiar do codziennego noszenia.<\/li>\n<\/ul>\n<p>Ka\u017cda saszetka biodrowa jest r\u0119cznie robiona z dba\u0142o\u015bci\u0105 o szczeg\u00f3\u0142y, przy u\u017cyciu materia\u0142\u00f3w pochodz\u0105cych od zaufanych dostawc\u00f3w. Dzi\u0119ki temu produkt nie tylko \u015bwietnie wygl\u0105da, ale jest r\u00f3wnie\u017c trwa\u0142y.<\/p>\n<p><strong>Z dum\u0105 wyprodukowano w Polsce (UE):<\/strong> Wesprzyj europejskie rzemios\u0142o z t\u0105 starannie zaprojektowan\u0105 i fachowo wykonan\u0105 nerk\u0105.<\/p>","protected":false},"excerpt":{"rendered":"<p>Nasza saszetka biodrowa \u0142\u0105czy w sobie u\u017cyteczno\u015b\u0107 ze stylem, dzi\u0119ki czemu jest idealnym towarzyszem codziennych przyg\u00f3d. Niezale\u017cnie od tego, czy nosisz telefon, dokumenty, aparat, czy nawet ma\u0142\u0105 bro\u0144 paln\u0105, ta torba zosta\u0142a zaprojektowana tak, aby Twoje niezb\u0119dne rzeczy by\u0142y bezpieczne, dost\u0119pne i modne. Odkryj nasz\u0105 wyj\u0105tkow\u0105 kolekcj\u0119 saszetek biodrowych, z wzorami od eleganckich i nowoczesnych po inspirowane wojskiem.<\/p>","protected":false},"featured_media":814,"template":"","meta":[],"product_brand":[59],"product_cat":[55],"product_tag":[],"class_list":{"0":"post-813","1":"product","2":"type-product","3":"status-publish","4":"has-post-thumbnail","6":"product_brand-nie-banals","7":"product_cat-fanny-packs","8":"product_shipping_class-medium-package","10":"first","11":"instock","12":"taxable","13":"shipping-taxable","14":"purchasable","15":"product-type-simple"},"jetpack_sharing_enabled":true,"_links":{"self":[{"href":"https:\/\/niebanals.com\/pl\/wp-json\/wp\/v2\/product\/813","targetHints":{"allow":["GET"]}}],"collection":[{"href":"https:\/\/niebanals.com\/pl\/wp-json\/wp\/v2\/product"}],"about":[{"href":"https:\/\/niebanals.com\/pl\/wp-json\/wp\/v2\/types\/product"}],"wp:featuredmedia":[{"embeddable":true,"href":"https:\/\/niebanals.com\/pl\/wp-json\/wp\/v2\/media\/814"}],"wp:attachment":[{"href":"https:\/\/niebanals.com\/pl\/wp-json\/wp\/v2\/media?parent=813"}],"wp:term":[{"taxonomy":"product_brand","embeddable":true,"href":"https:\/\/niebanals.com\/pl\/wp-json\/wp\/v2\/product_brand?post=813"},{"taxonomy":"product_cat","embeddable":true,"href":"https:\/\/niebanals.com\/pl\/wp-json\/wp\/v2\/product_cat?post=813"},{"taxonomy":"product_tag","embeddable":true,"href":"https:\/\/niebanals.com\/pl\/wp-json\/wp\/v2\/product_tag?post=813"}],"curies":[{"name":"wp","href":"https:\/\/api.w.org\/{rel}","templated":true}]}}