{"id":705,"date":"2024-10-14T14:31:38","date_gmt":"2024-10-14T12:31:38","guid":{"rendered":"https:\/\/niebanals.com\/?post_type=product&#038;p=705"},"modified":"2026-02-18T00:21:45","modified_gmt":"2026-02-17T23:21:45","slug":"tactical-beauty-shopper-bag","status":"publish","type":"product","link":"https:\/\/niebanals.com\/pl\/produkt\/tactical-beauty-shopper-bag\/","title":{"rendered":"Taktycznie Pi\u0119kna Szoperka"},"content":{"rendered":"<p><strong>Torba zakupowa inspirowana taktyk\u0105<\/strong><br \/>\nTa stylowa torba shopper jest przeznaczona do noszenia na ramieniu, wykonana z grubej siatki 3D i lekko wzmocniona lnianymi usztywnieniami. Czerpi\u0105c inspiracj\u0119 z wyposa\u017cenia taktycznego i strzeleckiego, torba zawiera elementy takie jak kamufla\u017c wz.93, pasek w stylu wojskowym, spawany metalowy p\u00f3\u0142pier\u015bcie\u0144 i miejsce na ulubion\u0105 naszywk\u0119. Ponadto wbudowana smycz na klucze, przypominaj\u0105ca pas no\u015bny do karabinu, dodaje praktycznego i wytrzyma\u0142ego akcentu.<\/p>\n<p>Pomimo taktycznych wp\u0142yw\u00f3w, ta torba jest daleka od niewygodnej! Paski naramienne i wyko\u0144czenie zamka s\u0105 wykonane z mi\u0119kkiej, wysokiej jako\u015bci sk\u00f3ry ekologicznej, co dodaje projektowi zar\u00f3wno elegancji, jak i wygody.<\/p>\n<p>G\u0142\u00f3wne cechy:<\/p>\n<ul>\n<li><strong>Zewn\u0119trzna kiesze\u0144 na telefon<\/strong>: Wymiary 11,5 cm x 17 cm, zamykane na wygodny zatrzask magnetyczny.<\/li>\n<li><strong>Przestronne wn\u0119trze<\/strong>: Wn\u0119trze ma du\u017c\u0105 pojedyncz\u0105 komor\u0119 wy\u0142o\u017con\u0105 materia\u0142em ripstop w kamufla\u017cu wz.93. Jest tam r\u00f3wnie\u017c dodatkowa kiesze\u0144 zapinana na zamek b\u0142yskawiczny z odwr\u00f3conym zamkiem YKK do bezpiecznego przechowywania.<\/li>\n<\/ul>","protected":false},"excerpt":{"rendered":"<p>Tactical-Inspired Shopper Bag This stylish shopper bag is designed for over-the-shoulder wear, made from thick 3D mesh and lightly reinforced with linen stiffeners. Drawing inspiration from tactical and shooting gear, [&hellip;]<\/p>\n","protected":false},"featured_media":714,"template":"","meta":[],"product_brand":[59],"product_cat":[22,51],"product_tag":[],"class_list":{"0":"post-705","1":"product","2":"type-product","3":"status-publish","4":"has-post-thumbnail","6":"product_brand-nie-banals","7":"product_cat-bags","8":"product_cat-pinned","10":"first","11":"instock","12":"taxable","13":"shipping-taxable","14":"purchasable","15":"product-type-simple"},"jetpack_sharing_enabled":true,"_links":{"self":[{"href":"https:\/\/niebanals.com\/pl\/wp-json\/wp\/v2\/product\/705","targetHints":{"allow":["GET"]}}],"collection":[{"href":"https:\/\/niebanals.com\/pl\/wp-json\/wp\/v2\/product"}],"about":[{"href":"https:\/\/niebanals.com\/pl\/wp-json\/wp\/v2\/types\/product"}],"wp:featuredmedia":[{"embeddable":true,"href":"https:\/\/niebanals.com\/pl\/wp-json\/wp\/v2\/media\/714"}],"wp:attachment":[{"href":"https:\/\/niebanals.com\/pl\/wp-json\/wp\/v2\/media?parent=705"}],"wp:term":[{"taxonomy":"product_brand","embeddable":true,"href":"https:\/\/niebanals.com\/pl\/wp-json\/wp\/v2\/product_brand?post=705"},{"taxonomy":"product_cat","embeddable":true,"href":"https:\/\/niebanals.com\/pl\/wp-json\/wp\/v2\/product_cat?post=705"},{"taxonomy":"product_tag","embeddable":true,"href":"https:\/\/niebanals.com\/pl\/wp-json\/wp\/v2\/product_tag?post=705"}],"curies":[{"name":"wp","href":"https:\/\/api.w.org\/{rel}","templated":true}]}}