{"id":576,"date":"2024-02-17T12:42:45","date_gmt":"2024-02-17T11:42:45","guid":{"rendered":"https:\/\/niebanals.com\/?post_type=product&#038;p=576"},"modified":"2026-02-18T00:21:30","modified_gmt":"2026-02-17T23:21:30","slug":"rifle-bag","status":"publish","type":"product","link":"https:\/\/niebanals.com\/pl\/produkt\/rifle-bag\/","title":{"rendered":"Torba na karabin Moonshell, edycja limitowana"},"content":{"rendered":"<p>Prezentowana torba na karabin z luf\u0105 16-calow\u0105 jest produktem ekskluzywnym, szytym r\u0119cznie w Polsce.<\/p>\n<h3><span style=\"font-weight: 400;\">G\u0142\u00f3wne cechy:<\/span><\/h3>\n<ul>\n<li><span style=\"font-weight: 400;\"><strong>Idealne dopasowanie<\/strong>: Torba o wymiarach wewn\u0119trznych 90x26x5 cm wygodnie pomie\u015bci wi\u0119kszo\u015b\u0107 karabink\u00f3w AR15 i PCC, zapewniaj\u0105c \u015bcis\u0142e i bezpieczne dopasowanie.<\/span><\/li>\n<li><span style=\"font-weight: 400;\"><strong>Zaawansowane zabezpieczenia:<\/strong> Dzi\u0119ki wn\u0119trzu pokrytemu rzepem i modu\u0142owym paskom, Tw\u00f3j karabin pozostanie na swoim miejscu, minimalizuj\u0105c przesuwanie si\u0119 i potencjalne uszkodzenia.<\/span><\/li>\n<li><span style=\"font-weight: 400;\"><strong>Du\u017co miejsca do przechowywania:<\/strong> Wyposa\u017cona w cztery du\u017ce kieszenie torba oferuje wszechstronne mo\u017cliwo\u015bci przechowywania magazynk\u00f3w, akcesori\u00f3w, a nawet dodatkowej broni.<\/span><\/li>\n<li><strong>Elastyczne opcje noszenia:<\/strong>\n<ol>\n<li><span style=\"font-weight: 400;\">Solidny uchwyt zapewniaj\u0105cy pewny chwyt.<\/span><\/li>\n<li><span style=\"font-weight: 400;\">Regulowany pasek na rami\u0119 umo\u017cliwiaj\u0105cy noszenie torby bez u\u017cycia r\u0105k, zwi\u0119kszaj\u0105cy komfort podczas d\u0142u\u017cszych podr\u00f3\u017cy, z klamr\u0105 z szybkim zapi\u0119ciem, konfigurowalny do noszenia w lewej lub prawej r\u0119ce, na dw\u00f3ch poziomach wysoko\u015bci.<\/span><\/li>\n<li><span style=\"font-weight: 400;\">Opcjonalne paski do plecaka<\/span><\/li>\n<\/ol>\n<\/li>\n<\/ul>\n<h3><span style=\"font-weight: 400;\">Materia\u0142y najwy\u017cszej jako\u015bci zapewniaj\u0105ce trwa\u0142o\u015b\u0107 i styl:<\/span><\/h3>\n<ul>\n<li><span style=\"font-weight: 400;\"><strong>Solidna konstrukcja:<\/strong> Pow\u0142oka wewn\u0119trzna i zewn\u0119trzna wykonana jest z najwy\u017cszej jako\u015bci materia\u0142u Cordura, znanego ze swojej trwa\u0142o\u015bci i odporno\u015bci na zu\u017cycie.<\/span><\/li>\n<li><span style=\"font-weight: 400;\"><strong>Elegancka estetyka:<\/strong> Przedni panel pokryty jest wysokiej jako\u015bci sztuczn\u0105 sk\u00f3r\u0105, kt\u00f3ra zapewnia elegancki wygl\u0105d, doskonale wtapiaj\u0105c si\u0119 w miejskie otoczenie.<\/span><\/li>\n<li><span style=\"font-weight: 400;\"><strong>Niezawodne komponenty:<\/strong> Wyposa\u017cone w zamki YKK i plastikowe okucia DueEmme klasy wojskowej, co zapewnia trwa\u0142o\u015b\u0107 i niezawodno\u015b\u0107.<\/span><\/li>\n<li><span style=\"font-weight: 400;\"><strong>Innowacyjne zapi\u0119cie:<\/strong> Posiada klamr\u0119 Fidlock zapewniaj\u0105c\u0105 bezpieczny i \u0142atwy dost\u0119p.<\/span><\/li>\n<li><strong>Z dum\u0105 wyprodukowano w Unii Europejskiej:<\/strong> torba zosta\u0142a wyprodukowana w Polsce i wszystkie materia\u0142y pochodz\u0105 z UE, co gwarantuje najwy\u017csz\u0105 jako\u015b\u0107 i kunszt wykonania<\/li>\n<\/ul>","protected":false},"excerpt":{"rendered":"<h2><span style=\"font-weight: 400;\">Dyskrecja spotyka elegancj\u0119<\/span><\/h2>\n<p><span style=\"font-weight: 400;\">Do\u015bwiadcz niezr\u00f3wnanej elegancji i dyskretnego transportu swojego karabinu dzi\u0119ki torbie Moonshine Rifle Bag. Torba ta, stworzona z my\u015bl\u0105 o entuzjastach broni palnej, dla kt\u00f3rych priorytetem jest zar\u00f3wno styl, jak i funkcjonalno\u015b\u0107, jest idealnym towarzyszem do bezpiecznego transportu broni palnej bez zwracania na siebie uwagi.<\/span><\/p>","protected":false},"featured_media":583,"template":"","meta":[],"product_brand":[59],"product_cat":[49],"product_tag":[],"class_list":{"0":"post-576","1":"product","2":"type-product","3":"status-publish","4":"has-post-thumbnail","6":"product_brand-nie-banals","7":"product_cat-firearms-carry","8":"product_shipping_class-rifle-bag","10":"first","11":"instock","12":"taxable","13":"shipping-taxable","14":"purchasable","15":"product-type-simple"},"jetpack_sharing_enabled":true,"_links":{"self":[{"href":"https:\/\/niebanals.com\/pl\/wp-json\/wp\/v2\/product\/576","targetHints":{"allow":["GET"]}}],"collection":[{"href":"https:\/\/niebanals.com\/pl\/wp-json\/wp\/v2\/product"}],"about":[{"href":"https:\/\/niebanals.com\/pl\/wp-json\/wp\/v2\/types\/product"}],"wp:featuredmedia":[{"embeddable":true,"href":"https:\/\/niebanals.com\/pl\/wp-json\/wp\/v2\/media\/583"}],"wp:attachment":[{"href":"https:\/\/niebanals.com\/pl\/wp-json\/wp\/v2\/media?parent=576"}],"wp:term":[{"taxonomy":"product_brand","embeddable":true,"href":"https:\/\/niebanals.com\/pl\/wp-json\/wp\/v2\/product_brand?post=576"},{"taxonomy":"product_cat","embeddable":true,"href":"https:\/\/niebanals.com\/pl\/wp-json\/wp\/v2\/product_cat?post=576"},{"taxonomy":"product_tag","embeddable":true,"href":"https:\/\/niebanals.com\/pl\/wp-json\/wp\/v2\/product_tag?post=576"}],"curies":[{"name":"wp","href":"https:\/\/api.w.org\/{rel}","templated":true}]}}