{"id":1400,"date":"2026-05-11T19:06:34","date_gmt":"2026-05-11T17:06:34","guid":{"rendered":"https:\/\/niebanals.com\/?post_type=product&#038;p=1400"},"modified":"2026-05-11T22:39:20","modified_gmt":"2026-05-11T20:39:20","slug":"no-shoot-mug","status":"publish","type":"product","link":"https:\/\/niebanals.com\/pl\/produkt\/no-shoot-mug\/","title":{"rendered":"Kubek 'No Shoot'"},"content":{"rendered":"<p dir=\"auto\">Na strzelnicy nie jeste\u015b gwiazd\u0105...<br \/>\nPoznaj metalowe cele \u2013 ich osobowo\u015bci, nastroje, rado\u015bci i l\u0119ki!<\/p>\n<p dir=\"auto\"><strong>Ten 450 ml kubek XXL<\/strong> przypomni Ci za ka\u017cdym razem, \u017ce \"No Shoot\" boi si\u0119 strza\u0142u bardziej ni\u017c Ty :-)<\/p>\n<p dir=\"auto\"><strong>Idealny na prezent \u2022 Mo\u017cna my\u0107 w zmywarce \u2022 Zapakowany w kartonowe pude\u0142ko<\/strong><\/p>","protected":false},"excerpt":{"rendered":"<p>Kubek XXL 450 ml<\/p>","protected":false},"featured_media":1410,"template":"","meta":[],"product_brand":[66],"product_cat":[67],"product_tag":[],"class_list":{"0":"post-1400","1":"product","2":"type-product","3":"status-publish","4":"has-post-thumbnail","6":"product_brand-popper-culture","7":"product_cat-popper-culture","9":"first","10":"instock","11":"taxable","12":"shipping-taxable","13":"purchasable","14":"product-type-simple"},"jetpack_sharing_enabled":true,"_links":{"self":[{"href":"https:\/\/niebanals.com\/pl\/wp-json\/wp\/v2\/product\/1400","targetHints":{"allow":["GET"]}}],"collection":[{"href":"https:\/\/niebanals.com\/pl\/wp-json\/wp\/v2\/product"}],"about":[{"href":"https:\/\/niebanals.com\/pl\/wp-json\/wp\/v2\/types\/product"}],"wp:featuredmedia":[{"embeddable":true,"href":"https:\/\/niebanals.com\/pl\/wp-json\/wp\/v2\/media\/1410"}],"wp:attachment":[{"href":"https:\/\/niebanals.com\/pl\/wp-json\/wp\/v2\/media?parent=1400"}],"wp:term":[{"taxonomy":"product_brand","embeddable":true,"href":"https:\/\/niebanals.com\/pl\/wp-json\/wp\/v2\/product_brand?post=1400"},{"taxonomy":"product_cat","embeddable":true,"href":"https:\/\/niebanals.com\/pl\/wp-json\/wp\/v2\/product_cat?post=1400"},{"taxonomy":"product_tag","embeddable":true,"href":"https:\/\/niebanals.com\/pl\/wp-json\/wp\/v2\/product_tag?post=1400"}],"curies":[{"name":"wp","href":"https:\/\/api.w.org\/{rel}","templated":true}]}}