{"id":1153,"date":"2026-02-18T12:41:22","date_gmt":"2026-02-18T11:41:22","guid":{"rendered":"https:\/\/niebanals.com\/?post_type=product&#038;p=1153"},"modified":"2026-04-17T13:25:35","modified_gmt":"2026-04-17T11:25:35","slug":"skyfood-beef-strogoanoff","status":"publish","type":"product","link":"https:\/\/niebanals.com\/pl\/produkt\/skyfood-beef-strogoanoff\/","title":{"rendered":"Stroganow wo\u0142owy \u2013 Stroganow z kasz\u0105 gryczan\u0105"},"content":{"rendered":"<p>Gotowy posi\u0142ek<\/p>\n<p><strong>Sk\u0142adniki:<\/strong><\/p>\n<p>Woda, mi\u0119so wo\u0142owe 28%, kasza gryczana 5%, koncentrat pomidorowy, pieczarki 3.3%, m\u0105ka pszenna, suszona cebula 2.6%, smalec wieprzowy, s\u00f3l kuchenna, og\u00f3rki kiszone 0.3% (og\u00f3rki, woda, cukier, ocet, s\u00f3l, przyprawy), suszona pietruszka 0.2%, suszony seler 0.2%, czarny pieprz, barwnik \u2013 karmel. Mo\u017ce zawiera\u0107: gorczyc\u0119, soj\u0119, mleko (\u0142\u0105cznie z laktoz\u0105).<\/p>\n<p><strong>DANIE MI\u0118SNE<\/strong><br \/>\nWaga: 400g<\/p>\n<p>&nbsp;<\/p>\n<p><strong>Spos\u00f3b u\u017cycia:<\/strong><\/p>\n<p><img loading=\"lazy\" decoding=\"async\" class=\"aligncenter wp-image-1151\" src=\"https:\/\/niebanals.com\/wp-content\/uploads\/2026\/02\/skyfood_instructions_of_use-1024x1017.png\" alt=\"\" width=\"800\" height=\"795\" srcset=\"https:\/\/niebanals.com\/wp-content\/uploads\/2026\/02\/skyfood_instructions_of_use-1024x1017.png 1024w, https:\/\/niebanals.com\/wp-content\/uploads\/2026\/02\/skyfood_instructions_of_use-300x298.png 300w, https:\/\/niebanals.com\/wp-content\/uploads\/2026\/02\/skyfood_instructions_of_use-150x150.png 150w, https:\/\/niebanals.com\/wp-content\/uploads\/2026\/02\/skyfood_instructions_of_use-768x763.png 768w, https:\/\/niebanals.com\/wp-content\/uploads\/2026\/02\/skyfood_instructions_of_use-12x12.png 12w, https:\/\/niebanals.com\/wp-content\/uploads\/2026\/02\/skyfood_instructions_of_use-920x914.png 920w, https:\/\/niebanals.com\/wp-content\/uploads\/2026\/02\/skyfood_instructions_of_use-575x571.png 575w, https:\/\/niebanals.com\/wp-content\/uploads\/2026\/02\/skyfood_instructions_of_use-380x378.png 380w, https:\/\/niebanals.com\/wp-content\/uploads\/2026\/02\/skyfood_instructions_of_use-50x50.png 50w, https:\/\/niebanals.com\/wp-content\/uploads\/2026\/02\/skyfood_instructions_of_use-26x26.png 26w, https:\/\/niebanals.com\/wp-content\/uploads\/2026\/02\/skyfood_instructions_of_use-800x795.png 800w, https:\/\/niebanals.com\/wp-content\/uploads\/2026\/02\/skyfood_instructions_of_use-100x100.png 100w, https:\/\/niebanals.com\/wp-content\/uploads\/2026\/02\/skyfood_instructions_of_use.png 1087w\" sizes=\"auto, (max-width: 800px) 100vw, 800px\" \/><\/p>","protected":false},"excerpt":{"rendered":"<p>Produkty Sky Food charakteryzuj\u0105 si\u0119 wyj\u0105tkowym smakiem, opartym na tradycyjnych recepturach. Oferowane produkty s\u0105 niezast\u0105pione w ekstremalnych sytuacjach, podczas nietypowych zada\u0144, gdy brakuje dost\u0119pu do wody i \u017ar\u00f3de\u0142 energii. Puszka nagrzewa si\u0119 sama, a Tw\u00f3j pe\u0142nowarto\u015bciowy posi\u0142ek b\u0119dzie gotowy w kilka minut.<\/p>\n<p>Sky Food posiada kod NATO NCAGE, a nasze produkty spe\u0142niaj\u0105 standardy jako\u015bci obowi\u0105zuj\u0105ce w armiach na ca\u0142ym \u015bwiecie.<\/p>","protected":false},"featured_media":1148,"template":"","meta":[],"product_brand":[60],"product_cat":[61],"product_tag":[],"class_list":{"0":"post-1153","1":"product","2":"type-product","3":"status-publish","4":"has-post-thumbnail","6":"product_brand-sky-food","7":"product_cat-long-shelf-life-food","9":"first","10":"outofstock","11":"taxable","12":"shipping-taxable","13":"product-type-simple"},"jetpack_sharing_enabled":true,"_links":{"self":[{"href":"https:\/\/niebanals.com\/pl\/wp-json\/wp\/v2\/product\/1153","targetHints":{"allow":["GET"]}}],"collection":[{"href":"https:\/\/niebanals.com\/pl\/wp-json\/wp\/v2\/product"}],"about":[{"href":"https:\/\/niebanals.com\/pl\/wp-json\/wp\/v2\/types\/product"}],"wp:featuredmedia":[{"embeddable":true,"href":"https:\/\/niebanals.com\/pl\/wp-json\/wp\/v2\/media\/1148"}],"wp:attachment":[{"href":"https:\/\/niebanals.com\/pl\/wp-json\/wp\/v2\/media?parent=1153"}],"wp:term":[{"taxonomy":"product_brand","embeddable":true,"href":"https:\/\/niebanals.com\/pl\/wp-json\/wp\/v2\/product_brand?post=1153"},{"taxonomy":"product_cat","embeddable":true,"href":"https:\/\/niebanals.com\/pl\/wp-json\/wp\/v2\/product_cat?post=1153"},{"taxonomy":"product_tag","embeddable":true,"href":"https:\/\/niebanals.com\/pl\/wp-json\/wp\/v2\/product_tag?post=1153"}],"curies":[{"name":"wp","href":"https:\/\/api.w.org\/{rel}","templated":true}]}}