{"id":1141,"date":"2026-04-17T13:20:13","date_gmt":"2026-04-17T11:20:13","guid":{"rendered":"https:\/\/niebanals.com\/?post_type=product&#038;p=1141"},"modified":"2026-04-17T13:25:34","modified_gmt":"2026-04-17T11:25:34","slug":"skyfood-baked-beans","status":"publish","type":"product","link":"https:\/\/niebanals.com\/pl\/produkt\/skyfood-baked-beans\/","title":{"rendered":"PIECZONA FASOLA"},"content":{"rendered":"<p>Gotowy posi\u0142ek<\/p>\n<p><strong>Sk\u0142adniki:<\/strong><\/p>\n<p>woda, fasola (13%), w\u0119dzona gotowana kie\u0142basa \u2013 6,5% (mi\u0119so wieprzowe (65%), woda, mi\u0119so wo\u0142owe (9%), skrobia ziemniaczana, t\u0142uszcz wieprzowy, s\u00f3l kuchenna, bia\u0142ko sojowe, stabilizator: E 451; suszony czosnek, przyprawy, wzmacniacz smaku: E621; przeciwutleniacz: askorbinian sodu; regulatory kwasowo\u015bci: octany sodu, E575; bia\u0142ko wieprzowe, substancja konserwuj\u0105ca: E250), w\u0119dzona gotowana szynka \u2013 6,5% (mi\u0119so wieprzowe (61%), woda, s\u00f3l kuchenna, bia\u0142ko wieprzowe, bia\u0142ko sojowe, b\u0142onnik pszenny, stabilizator: E 451; przyprawy, ekstrakty przypraw, glukoza, maltodekstryna, wzmacniacz smaku: E 621; substancje zag\u0119szczaj\u0105ce: E 407a, E 415; przeciwutleniacz: E 316; substancja konserwuj\u0105ca: E 250); Mi\u0119so wieprzowe \u2013 (6.5%), koncentrat pomidorowy, glukoza, skrobia modyfikowana, s\u00f3l kuchenna, m\u0105ka pszenna, przyprawy, suszone warzywa w zmiennych proporcjach (marchew, pasternak, cebula, seler, pietruszka), olej rzepakowy, smalec wieprzowy, cukier, wzmacniacze smaku: E 635, E 621, aromaty, skrobia kukurydziana, ocet, barwniki: E 101, E 160c. Mo\u017ce zawiera\u0107: gorczyc\u0119, mleko (w tym laktoz\u0119).<\/p>\n<p><strong>DANIE MI\u0118SNE<\/strong><br \/>\nWaga: 400g<\/p>\n<p>&nbsp;<\/p>\n<p><strong>Spos\u00f3b u\u017cycia:<\/strong><\/p>\n<p><img loading=\"lazy\" decoding=\"async\" class=\"aligncenter wp-image-1151\" src=\"https:\/\/niebanals.com\/wp-content\/uploads\/2026\/02\/skyfood_instructions_of_use-1024x1017.png\" alt=\"\" width=\"800\" height=\"795\" srcset=\"https:\/\/niebanals.com\/wp-content\/uploads\/2026\/02\/skyfood_instructions_of_use-1024x1017.png 1024w, https:\/\/niebanals.com\/wp-content\/uploads\/2026\/02\/skyfood_instructions_of_use-300x298.png 300w, https:\/\/niebanals.com\/wp-content\/uploads\/2026\/02\/skyfood_instructions_of_use-150x150.png 150w, https:\/\/niebanals.com\/wp-content\/uploads\/2026\/02\/skyfood_instructions_of_use-768x763.png 768w, https:\/\/niebanals.com\/wp-content\/uploads\/2026\/02\/skyfood_instructions_of_use-12x12.png 12w, https:\/\/niebanals.com\/wp-content\/uploads\/2026\/02\/skyfood_instructions_of_use-920x914.png 920w, https:\/\/niebanals.com\/wp-content\/uploads\/2026\/02\/skyfood_instructions_of_use-575x571.png 575w, https:\/\/niebanals.com\/wp-content\/uploads\/2026\/02\/skyfood_instructions_of_use-380x378.png 380w, https:\/\/niebanals.com\/wp-content\/uploads\/2026\/02\/skyfood_instructions_of_use-50x50.png 50w, https:\/\/niebanals.com\/wp-content\/uploads\/2026\/02\/skyfood_instructions_of_use-26x26.png 26w, https:\/\/niebanals.com\/wp-content\/uploads\/2026\/02\/skyfood_instructions_of_use-800x795.png 800w, https:\/\/niebanals.com\/wp-content\/uploads\/2026\/02\/skyfood_instructions_of_use-100x100.png 100w, https:\/\/niebanals.com\/wp-content\/uploads\/2026\/02\/skyfood_instructions_of_use.png 1087w\" sizes=\"auto, (max-width: 800px) 100vw, 800px\" \/><\/p>","protected":false},"excerpt":{"rendered":"<p>Produkty Sky Food charakteryzuj\u0105 si\u0119 wyj\u0105tkowym smakiem, opartym na tradycyjnych recepturach. Oferowane produkty s\u0105 niezast\u0105pione w ekstremalnych sytuacjach, podczas nietypowych zada\u0144, gdy brakuje dost\u0119pu do wody i \u017ar\u00f3de\u0142 energii. Puszka nagrzewa si\u0119 sama, a Tw\u00f3j pe\u0142nowarto\u015bciowy posi\u0142ek b\u0119dzie gotowy w kilka minut.<\/p>\n<p>Sky Food posiada kod NATO NCAGE, a nasze produkty spe\u0142niaj\u0105 standardy jako\u015bci obowi\u0105zuj\u0105ce w armiach na ca\u0142ym \u015bwiecie.<\/p>","protected":false},"featured_media":1149,"template":"","meta":[],"product_brand":[60],"product_cat":[61],"product_tag":[],"class_list":{"0":"post-1141","1":"product","2":"type-product","3":"status-publish","4":"has-post-thumbnail","6":"product_brand-sky-food","7":"product_cat-long-shelf-life-food","9":"first","10":"instock","11":"taxable","12":"shipping-taxable","13":"product-type-simple"},"jetpack_sharing_enabled":true,"_links":{"self":[{"href":"https:\/\/niebanals.com\/pl\/wp-json\/wp\/v2\/product\/1141","targetHints":{"allow":["GET"]}}],"collection":[{"href":"https:\/\/niebanals.com\/pl\/wp-json\/wp\/v2\/product"}],"about":[{"href":"https:\/\/niebanals.com\/pl\/wp-json\/wp\/v2\/types\/product"}],"wp:featuredmedia":[{"embeddable":true,"href":"https:\/\/niebanals.com\/pl\/wp-json\/wp\/v2\/media\/1149"}],"wp:attachment":[{"href":"https:\/\/niebanals.com\/pl\/wp-json\/wp\/v2\/media?parent=1141"}],"wp:term":[{"taxonomy":"product_brand","embeddable":true,"href":"https:\/\/niebanals.com\/pl\/wp-json\/wp\/v2\/product_brand?post=1141"},{"taxonomy":"product_cat","embeddable":true,"href":"https:\/\/niebanals.com\/pl\/wp-json\/wp\/v2\/product_cat?post=1141"},{"taxonomy":"product_tag","embeddable":true,"href":"https:\/\/niebanals.com\/pl\/wp-json\/wp\/v2\/product_tag?post=1141"}],"curies":[{"name":"wp","href":"https:\/\/api.w.org\/{rel}","templated":true}]}}