{"id":1044,"date":"2025-11-24T14:49:35","date_gmt":"2025-11-24T13:49:35","guid":{"rendered":"https:\/\/niebanals.com\/?post_type=product&#038;p=1044"},"modified":"2026-03-13T14:50:04","modified_gmt":"2026-03-13T13:50:04","slug":"riflecx-clear-shot-100ml","status":"publish","type":"product","link":"https:\/\/niebanals.com\/pl\/produkt\/riflecx-clear-shot-100ml\/","title":{"rendered":"RifleCX Clear Shot 100 ml"},"content":{"rendered":"<p data-start=\"0\" data-end=\"29\"><strong data-start=\"0\" data-end=\"29\">Dlaczego potrzebuj\u0119 Clear Shot?<\/strong><\/p>\n<p data-start=\"31\" data-end=\"220\">Clear Shot to zaawansowana formu\u0142a opracowana specjalnie dla strzelc\u00f3w, aby <strong data-start=\"104\" data-end=\"123\">zapobiega\u0107 zaparowywaniu<\/strong> i <strong data-start=\"128\" data-end=\"165\">czy\u015bci\u0107 okulary strzeleckie i optyk\u0119<\/strong>\u2014 w tym lunety, kolimatory i inne urz\u0105dzenia optyczne.<\/p>\n<p data-start=\"222\" data-end=\"345\">Zapewnia <strong data-start=\"235\" data-end=\"262\">wyra\u017any, bezsmugowy widok<\/strong> w ka\u017cdych warunkach, zachowuj\u0105c idealn\u0105 przejrzysto\u015b\u0107 element\u00f3w optycznych, gdy jest to najbardziej potrzebne.<\/p>\n<p data-start=\"347\" data-end=\"433\" data-is-last-node=\"\" data-is-only-node=\"\">Ka\u017cda butelka jest dostarczana z <strong data-start=\"372\" data-end=\"400\">\u015bciereczk\u0105 z mikrofibry RifleCX<\/strong> do bezpiecznego i skutecznego czyszczenia.<\/p>","protected":false},"excerpt":{"rendered":"<p>Why do I need Clear Shot? Clear Shot is an advanced formula developed specifically for shooters to prevent fogging and clean shooting glasses and optics\u2014including scopes, red dots, and other [&hellip;]<\/p>\n","protected":false},"featured_media":1046,"template":"","meta":[],"product_brand":[58],"product_cat":[57],"product_tag":[],"class_list":{"0":"post-1044","1":"product","2":"type-product","3":"status-publish","4":"has-post-thumbnail","6":"product_brand-riflecx","7":"product_cat-gun-cleaning","9":"first","10":"instock","11":"taxable","12":"shipping-taxable","13":"purchasable","14":"product-type-simple"},"jetpack_sharing_enabled":true,"_links":{"self":[{"href":"https:\/\/niebanals.com\/pl\/wp-json\/wp\/v2\/product\/1044","targetHints":{"allow":["GET"]}}],"collection":[{"href":"https:\/\/niebanals.com\/pl\/wp-json\/wp\/v2\/product"}],"about":[{"href":"https:\/\/niebanals.com\/pl\/wp-json\/wp\/v2\/types\/product"}],"wp:featuredmedia":[{"embeddable":true,"href":"https:\/\/niebanals.com\/pl\/wp-json\/wp\/v2\/media\/1046"}],"wp:attachment":[{"href":"https:\/\/niebanals.com\/pl\/wp-json\/wp\/v2\/media?parent=1044"}],"wp:term":[{"taxonomy":"product_brand","embeddable":true,"href":"https:\/\/niebanals.com\/pl\/wp-json\/wp\/v2\/product_brand?post=1044"},{"taxonomy":"product_cat","embeddable":true,"href":"https:\/\/niebanals.com\/pl\/wp-json\/wp\/v2\/product_cat?post=1044"},{"taxonomy":"product_tag","embeddable":true,"href":"https:\/\/niebanals.com\/pl\/wp-json\/wp\/v2\/product_tag?post=1044"}],"curies":[{"name":"wp","href":"https:\/\/api.w.org\/{rel}","templated":true}]}}