{"id":362,"date":"2021-08-17T17:03:43","date_gmt":"2021-08-17T17:03:43","guid":{"rendered":"https:\/\/demo.athemes.com\/botiga\/?page_id=362"},"modified":"2025-11-24T23:18:53","modified_gmt":"2025-11-24T22:18:53","slug":"home","status":"publish","type":"page","link":"https:\/\/niebanals.com\/pl\/","title":{"rendered":"Strona g\u0142\u00f3wna"},"content":{"rendered":"\n<div id=\"athemes-blocks-block-86716b60\" class=\"wp-block-athemes-athemes-blocks-block-container athemes-blocks-block athemes-blocks-block-86716b60 athemes-blocks-block-container alignfull\"><div class=\"athemes-blocks-block-container-wrapper athemes-blocks-block-container-bg-cover athemes-blocks-block-container-bg-effect-scroll\"><img class=\"athemes-blocks-background-image\" width=\"2048\" height=\"1365\" srcset=\"https:\/\/niebanals.com\/wp-content\/uploads\/2023\/12\/hello-there-masked-1-150x150.jpg 150w, https:\/\/niebanals.com\/wp-content\/uploads\/2023\/12\/hello-there-masked-1-300x200.jpg 300w, https:\/\/niebanals.com\/wp-content\/uploads\/2023\/12\/hello-there-masked-1-1024x683.jpg 1024w, https:\/\/niebanals.com\/wp-content\/uploads\/2023\/12\/hello-there-masked-1.jpg 2048w, \" sizes=\"(max-width: 2048px) 100vw, 2048px\" alt=\"\"\/><div class=\"athemes-blocks-block-container-wrapper-content\">\n<div class=\"wp-block-columns is-layout-flex wp-container-core-columns-is-layout-28f84493 wp-block-columns-is-layout-flex\">\n<div class=\"wp-block-column is-layout-flow wp-block-column-is-layout-flow\" style=\"flex-basis:66.66%\">\n<h2 class=\"wp-block-heading has-color-5-color has-text-color has-link-color has-gigantic-font-size wp-elements-866caae94ac873b93f4be78850156900\" style=\"font-style:normal;font-weight:800\">Shoot with Confidence and Style<\/h2>\n\n\n\n<div class=\"wp-block-buttons is-layout-flex wp-block-buttons-is-layout-flex\">\n<div class=\"wp-block-button\"><a class=\"wp-block-button__link wp-element-button\" href=\"\/shop\">SHOP NOW<\/a><\/div>\n<\/div>\n<\/div>\n\n\n\n<div class=\"wp-block-column is-layout-flow wp-block-column-is-layout-flow\" style=\"flex-basis:33.33%\"><\/div>\n<\/div>\n<\/div><\/div><\/div>\n\n\n\n<div style=\"height:100px\" aria-hidden=\"true\" class=\"wp-block-spacer\"><\/div>\n\n\n\n<h3 class=\"wp-block-heading has-text-align-center\">Welcome to our store!<\/h3>\n\n\n\n<p class=\"has-text-align-center\">Choose the most interesting category and check our quality products.<\/p>\n\n\n\n<div class=\"wp-block-columns is-layout-flex wp-container-core-columns-is-layout-28f84493 wp-block-columns-is-layout-flex\">\n<div class=\"wp-block-column is-layout-flow wp-block-column-is-layout-flow\"><div class=\"wp-block-image\">\n<figure class=\"aligncenter size-large\"><a href=\"\/product-category\/shooting-pants\"><img decoding=\"async\" src=\"https:\/\/niebanals.com\/wp-content\/uploads\/2023\/12\/cat_pants2.jpg\" alt=\"\"\/><\/a><\/figure>\n<\/div>\n\n\n<p class=\"has-text-align-center\"><a href=\"\/product-category\/shooting-pants\" data-type=\"URL\" data-id=\"https:\/\/demo.athemes.com\/botiga\/product-category\/cosmetics\/\">Competition Shooting Trousers<\/a><\/p>\n<\/div>\n\n\n\n<div class=\"wp-block-column is-layout-flow wp-block-column-is-layout-flow\"><div class=\"wp-block-image\">\n<figure class=\"aligncenter size-full\"><a href=\"\/product-category\/gun-cleaning\/\"><img loading=\"lazy\" decoding=\"async\" width=\"771\" height=\"1024\" src=\"https:\/\/niebanals.com\/wp-content\/uploads\/2025\/06\/category_riflecx.jpg\" alt=\"\" class=\"wp-image-943\" style=\"object-fit:cover\" srcset=\"https:\/\/niebanals.com\/wp-content\/uploads\/2025\/06\/category_riflecx.jpg 771w, https:\/\/niebanals.com\/wp-content\/uploads\/2025\/06\/category_riflecx-226x300.jpg 226w, https:\/\/niebanals.com\/wp-content\/uploads\/2025\/06\/category_riflecx-768x1020.jpg 768w, https:\/\/niebanals.com\/wp-content\/uploads\/2025\/06\/category_riflecx-9x12.jpg 9w, https:\/\/niebanals.com\/wp-content\/uploads\/2025\/06\/category_riflecx-575x764.jpg 575w, https:\/\/niebanals.com\/wp-content\/uploads\/2025\/06\/category_riflecx-380x505.jpg 380w\" sizes=\"auto, (max-width: 771px) 100vw, 771px\" \/><\/a><\/figure>\n<\/div>\n\n\n<p class=\"has-text-align-center\"><a href=\"\/product-category\/gun-cleaning\/\" data-type=\"URL\" data-id=\"https:\/\/demo.athemes.com\/botiga\/product-category\/cosmetics\/\">Gun Cleaning<\/a><\/p>\n<\/div>\n\n\n\n<div class=\"wp-block-column is-layout-flow wp-block-column-is-layout-flow\"><div class=\"wp-block-image\">\n<figure class=\"aligncenter size-full\"><a href=\"product-category\/firearms-carry\/\"><img loading=\"lazy\" decoding=\"async\" width=\"771\" height=\"1024\" src=\"https:\/\/niebanals.com\/wp-content\/uploads\/2024\/02\/cat_carry.jpg\" alt=\"\" class=\"wp-image-591\" srcset=\"https:\/\/niebanals.com\/wp-content\/uploads\/2024\/02\/cat_carry.jpg 771w, https:\/\/niebanals.com\/wp-content\/uploads\/2024\/02\/cat_carry-226x300.jpg 226w, https:\/\/niebanals.com\/wp-content\/uploads\/2024\/02\/cat_carry-768x1020.jpg 768w, https:\/\/niebanals.com\/wp-content\/uploads\/2024\/02\/cat_carry-575x764.jpg 575w, https:\/\/niebanals.com\/wp-content\/uploads\/2024\/02\/cat_carry-380x505.jpg 380w\" sizes=\"auto, (max-width: 771px) 100vw, 771px\" \/><\/a><\/figure>\n<\/div>\n\n\n<p class=\"has-text-align-center\"><a href=\"\/product-category\/firearms-carry\/\">Firearms Carry<\/a><\/p>\n<\/div>\n\n\n\n<div class=\"wp-block-column is-layout-flow wp-block-column-is-layout-flow\">\n<figure class=\"wp-block-image size-large\"><img loading=\"lazy\" decoding=\"async\" width=\"768\" height=\"1024\" src=\"https:\/\/niebanals.com\/wp-content\/uploads\/2024\/10\/IMG_0177-768x1024.jpg\" alt=\"\" class=\"wp-image-714\" srcset=\"https:\/\/niebanals.com\/wp-content\/uploads\/2024\/10\/IMG_0177-768x1024.jpg 768w, https:\/\/niebanals.com\/wp-content\/uploads\/2024\/10\/IMG_0177-225x300.jpg 225w, https:\/\/niebanals.com\/wp-content\/uploads\/2024\/10\/IMG_0177-1152x1536.jpg 1152w, https:\/\/niebanals.com\/wp-content\/uploads\/2024\/10\/IMG_0177-1140x1520.jpg 1140w, https:\/\/niebanals.com\/wp-content\/uploads\/2024\/10\/IMG_0177-920x1227.jpg 920w, https:\/\/niebanals.com\/wp-content\/uploads\/2024\/10\/IMG_0177-575x767.jpg 575w, https:\/\/niebanals.com\/wp-content\/uploads\/2024\/10\/IMG_0177-380x507.jpg 380w, https:\/\/niebanals.com\/wp-content\/uploads\/2024\/10\/IMG_0177-800x1067.jpg 800w, https:\/\/niebanals.com\/wp-content\/uploads\/2024\/10\/IMG_0177.jpg 1500w\" sizes=\"auto, (max-width: 768px) 100vw, 768px\" \/><\/figure>\n\n\n\n<p class=\"has-text-align-center\"><a href=\"\/product-category\/bags\/\">Bags<\/a><\/p>\n<\/div>\n<\/div>\n\n\n\n<div style=\"height:100px\" aria-hidden=\"true\" class=\"wp-block-spacer\"><\/div>\n\n\n\n<div id=\"athemes-blocks-block-4105d054\" class=\"wp-block-athemes-athemes-blocks-block-container athemes-blocks-block athemes-blocks-block-4105d054 athemes-blocks-block-container alignfull\"><div class=\"athemes-blocks-block-container-wrapper athemes-blocks-block-container-bg-cover athemes-blocks-block-container-bg-effect-scroll\"><img class=\"athemes-blocks-background-image\" width=\"2048\" height=\"1024\" srcset=\"https:\/\/niebanals.com\/wp-content\/uploads\/2023\/12\/banner-small-150x150.jpg 150w, https:\/\/niebanals.com\/wp-content\/uploads\/2023\/12\/banner-small-300x150.jpg 300w, https:\/\/niebanals.com\/wp-content\/uploads\/2023\/12\/banner-small-1024x512.jpg 1024w, https:\/\/niebanals.com\/wp-content\/uploads\/2023\/12\/banner-small.jpg 2048w, \" sizes=\"auto, (max-width: 2048px) 100vw, 2048px\" alt=\"\" loading=\"lazy\"\/><div class=\"athemes-blocks-block-container-wrapper-content\">\n<h3 class=\"wp-block-heading has-text-align-center has-color-5-color has-text-color has-link-color wp-elements-5131c3cae9f1e3f9441642ddd638b70a\">Competition Shooting Trousers For Women<\/h3>\n\n\n\n<p class=\"has-text-align-center has-color-5-color has-text-color has-link-color wp-elements-dc6bb0c64513ed008cbc907eeb21e828\">The only trousers on the market designed for practical pistol women shooters.<\/p>\n\n\n\n<div class=\"wp-block-buttons is-horizontal is-content-justification-center is-layout-flex wp-container-core-buttons-is-layout-03627597 wp-block-buttons-is-layout-flex\">\n<div class=\"wp-block-button\"><a class=\"wp-block-button__link wp-element-button\" href=\"\/shooting-in-style-designing-womens-gear-for-dynamic-shooting\">FIND OUT WHY<\/a><\/div>\n<\/div>\n<\/div><\/div><\/div>\n\n\n\n<div style=\"height:90px\" aria-hidden=\"true\" class=\"wp-block-spacer\"><\/div>\n\n\n\n<h3 class=\"wp-block-heading has-text-align-center\">Quick Picks<\/h3>\n\n\n\n<p class=\"has-text-align-center\">Check out these products!<\/p>\n\n\n<div data-block-name=\"woocommerce\/product-category\" data-categories=\"[51]\" data-content-visibility=\"{&quot;title&quot;:true,&quot;price&quot;:true,&quot;rating&quot;:false,&quot;button&quot;:true}\" data-edit-mode=\"false\" data-rows=\"1\" class=\"wc-block-grid wp-block-product-category wp-block-woocommerce-product-category wc-block-product-category has-3-columns\"><ul class=\"wc-block-grid__products\"><li class=\"wc-block-grid__product product-grid \">\n\t\t\t\t<div class=\"loop-image-wrap botiga-add-to-cart-button-layout2 botiga-wishlist-button-layout2\">\n\t\t\t\t\t<a href=\"https:\/\/niebanals.com\/pl\/produkt\/moonshell-rifle-bag-unicorn-edition\/\" class=\"wc-block-grid__product-link\" title=\"Wybierz opcje\">\n\t\t\t\t\t\t<div class=\"wc-block-grid__product-image\"><img loading=\"lazy\" decoding=\"async\" width=\"420\" height=\"420\" src=\"https:\/\/niebanals.com\/wp-content\/uploads\/2024\/10\/IMG_0130-420x420.jpg\" class=\"attachment-woocommerce_thumbnail size-woocommerce_thumbnail\" alt=\"Moonshell Rifle Bag Unicorn Edition\" srcset=\"https:\/\/niebanals.com\/wp-content\/uploads\/2024\/10\/IMG_0130-420x420.jpg 420w, https:\/\/niebanals.com\/wp-content\/uploads\/2024\/10\/IMG_0130-150x150.jpg 150w, https:\/\/niebanals.com\/wp-content\/uploads\/2024\/10\/IMG_0130-50x50.jpg 50w, https:\/\/niebanals.com\/wp-content\/uploads\/2024\/10\/IMG_0130-26x26.jpg 26w, https:\/\/niebanals.com\/wp-content\/uploads\/2024\/10\/IMG_0130-100x100.jpg 100w\" sizes=\"auto, (max-width: 420px) 100vw, 420px\" \/><\/div>\n\t\t\t\t\t<\/a>\n\t<a href=\"#\" class=\"botiga-wishlist-button botiga-wishlist-button-tooltip\" data-type=\"add\" data-wishlist-link=\"https:\/\/niebanals.com\/pl\/my-wishlist\/\" aria-label=\"Dodaj produkt Moonshell Rifle Bag Unicorn Edition do listy \u017cycze\u0144\" data-product-id=\"715\" data-nonce=\"16db59e853\" data-botiga-wishlist-tooltip=\"\">\n\t\t<div class=\"botiga-wishlist-icon-wrapper\" data-wishlist-remove-text=\"Usu\u0144 z listy \u017cycze\u0144\">\n\t\t\t<svg class=\"botiga-wishlist-icon\" width=\"17\" height=\"17\" viewBox=\"0 0 25 22\" fill=\"none\" xmlns=\"http:\/\/www.w3.org\/2000\/svg\">\n\t\t\t\t<path d=\"M13.8213 2.50804L13.8216 2.5078C16.1161 0.140222 19.7976 -0.212946 22.2492 1.87607C25.093 4.30325 25.2444 8.66651 22.6933 11.2992L22.6932 11.2993L13.245 21.055C13.245 21.0551 13.245 21.0551 13.2449 21.0551C12.8311 21.4822 12.1652 21.4822 11.7514 21.0551C11.7513 21.0551 11.7513 21.0551 11.7513 21.055L2.30334 11.2995C-0.243225 8.66684 -0.0918835 4.30344 2.75181 1.8762C5.20368 -0.213127 8.88985 0.140465 11.1793 2.50744L11.1799 2.50804L12.1418 3.49925L12.5006 3.86899L12.8594 3.49925L13.8213 2.50804Z\" stroke-width=\"3\" stroke=\"#212121\" fill=\"transparent\"\/>\n\t\t\t<\/svg>\n\t\t\t<div class=\"botiga-wishlist-loading-icon botigaAnimRotate botiga-anim-infinite\">\n\t\t\t\t<svg fill=\"none\" height=\"20\" viewBox=\"0 0 20 20\" width=\"20\" xmlns=\"http:\/\/www.w3.org\/2000\/svg\"><path d=\"M10 3C6.13401 3 3 6.13401 3 10C3 10.2761 2.77614 10.5 2.5 10.5C2.22386 10.5 2 10.2761 2 10C2 5.58172 5.58172 2 10 2C14.4183 2 18 5.58172 18 10C18 14.4183 14.4183 18 10 18C9.72386 18 9.5 17.7761 9.5 17.5C9.5 17.2239 9.72386 17 10 17C13.866 17 17 13.866 17 10C17 6.13401 13.866 3 10 3Z\" fill=\"#212121\" \/><\/svg>\t\t\t<\/div>\n\t\t<\/div>\n\t<\/a>\n\n\t<\/div><a href=\"https:\/\/niebanals.com\/pl\/produkt\/moonshell-rifle-bag-unicorn-edition\/\" class=\"wc-block-grid__product-link\">\n\t\t\t\t\t<div class=\"wc-block-grid__product-title\">Moonshell Rifle Bag Unicorn Edition<\/div>\n\t\t\t\t<\/a><div class=\"wc-block-grid__product-price price\"><span class=\"woocommerce-Price-amount amount\" aria-hidden=\"true\">169,00&nbsp;<span class=\"woocommerce-Price-currencySymbol\">&euro;<\/span><\/span> <span aria-hidden=\"true\">&ndash;<\/span> <span class=\"woocommerce-Price-amount amount\" aria-hidden=\"true\">199,00&nbsp;<span class=\"woocommerce-Price-currencySymbol\">&euro;<\/span><\/span><span class=\"screen-reader-text\">Zakres cen: od 169,00&nbsp;&euro; do 199,00&nbsp;&euro;<\/span> <small class=\"woocommerce-price-suffix\">inc. VAT<\/small><\/div><div class=\"wp-block-button wc-block-grid__product-add-to-cart\"><div class=\"loop-button-wrap button-width-auto button-layout2 \"><a href=\"https:\/\/niebanals.com\/pl\/produkt\/moonshell-rifle-bag-unicorn-edition\/\" aria-label=\"Wybierz opcje dla &bdquo;Moonshell Rifle Bag Unicorn Edition&rdquo;\" data-quantity=\"1\" data-product_id=\"715\" data-product_sku=\"\" rel=\"nofollow\" class=\"button wp-block-button__link add_to_cart_button\">Wybierz opcje<\/a><\/div><\/div><\/li><li class=\"wc-block-grid__product product-grid \">\n\t\t\t\t<div class=\"loop-image-wrap botiga-add-to-cart-button-layout2 botiga-wishlist-button-layout2\">\n\t\t\t\t\t<a href=\"https:\/\/niebanals.com\/pl\/produkt\/tactical-beauty-shopper-bag\/\" class=\"wc-block-grid__product-link\" title=\"Dodaj do koszyka\">\n\t\t\t\t\t\t<div class=\"wc-block-grid__product-image\"><img loading=\"lazy\" decoding=\"async\" width=\"420\" height=\"420\" src=\"https:\/\/niebanals.com\/wp-content\/uploads\/2024\/10\/IMG_0177-420x420.jpg\" class=\"attachment-woocommerce_thumbnail size-woocommerce_thumbnail\" alt=\"Tactical Beauty Shopper Bag\" srcset=\"https:\/\/niebanals.com\/wp-content\/uploads\/2024\/10\/IMG_0177-420x420.jpg 420w, https:\/\/niebanals.com\/wp-content\/uploads\/2024\/10\/IMG_0177-150x150.jpg 150w, https:\/\/niebanals.com\/wp-content\/uploads\/2024\/10\/IMG_0177-50x50.jpg 50w, https:\/\/niebanals.com\/wp-content\/uploads\/2024\/10\/IMG_0177-26x26.jpg 26w, https:\/\/niebanals.com\/wp-content\/uploads\/2024\/10\/IMG_0177-100x100.jpg 100w\" sizes=\"auto, (max-width: 420px) 100vw, 420px\" \/><\/div>\n\t\t\t\t\t<\/a>\n\t<a href=\"#\" class=\"botiga-wishlist-button botiga-wishlist-button-tooltip\" data-type=\"add\" data-wishlist-link=\"https:\/\/niebanals.com\/pl\/my-wishlist\/\" aria-label=\"Dodaj produkt Tactical Beauty Shopper Bag do listy \u017cycze\u0144\" data-product-id=\"705\" data-nonce=\"16db59e853\" data-botiga-wishlist-tooltip=\"\">\n\t\t<div class=\"botiga-wishlist-icon-wrapper\" data-wishlist-remove-text=\"Usu\u0144 z listy \u017cycze\u0144\">\n\t\t\t<svg class=\"botiga-wishlist-icon\" width=\"17\" height=\"17\" viewBox=\"0 0 25 22\" fill=\"none\" xmlns=\"http:\/\/www.w3.org\/2000\/svg\">\n\t\t\t\t<path d=\"M13.8213 2.50804L13.8216 2.5078C16.1161 0.140222 19.7976 -0.212946 22.2492 1.87607C25.093 4.30325 25.2444 8.66651 22.6933 11.2992L22.6932 11.2993L13.245 21.055C13.245 21.0551 13.245 21.0551 13.2449 21.0551C12.8311 21.4822 12.1652 21.4822 11.7514 21.0551C11.7513 21.0551 11.7513 21.0551 11.7513 21.055L2.30334 11.2995C-0.243225 8.66684 -0.0918835 4.30344 2.75181 1.8762C5.20368 -0.213127 8.88985 0.140465 11.1793 2.50744L11.1799 2.50804L12.1418 3.49925L12.5006 3.86899L12.8594 3.49925L13.8213 2.50804Z\" stroke-width=\"3\" stroke=\"#212121\" fill=\"transparent\"\/>\n\t\t\t<\/svg>\n\t\t\t<div class=\"botiga-wishlist-loading-icon botigaAnimRotate botiga-anim-infinite\">\n\t\t\t\t<svg fill=\"none\" height=\"20\" viewBox=\"0 0 20 20\" width=\"20\" xmlns=\"http:\/\/www.w3.org\/2000\/svg\"><path d=\"M10 3C6.13401 3 3 6.13401 3 10C3 10.2761 2.77614 10.5 2.5 10.5C2.22386 10.5 2 10.2761 2 10C2 5.58172 5.58172 2 10 2C14.4183 2 18 5.58172 18 10C18 14.4183 14.4183 18 10 18C9.72386 18 9.5 17.7761 9.5 17.5C9.5 17.2239 9.72386 17 10 17C13.866 17 17 13.866 17 10C17 6.13401 13.866 3 10 3Z\" fill=\"#212121\" \/><\/svg>\t\t\t<\/div>\n\t\t<\/div>\n\t<\/a>\n\n\t<\/div><a href=\"https:\/\/niebanals.com\/pl\/produkt\/tactical-beauty-shopper-bag\/\" class=\"wc-block-grid__product-link\">\n\t\t\t\t\t<div class=\"wc-block-grid__product-title\">Tactical Beauty Shopper Bag<\/div>\n\t\t\t\t<\/a><div class=\"wc-block-grid__product-price price\"><span class=\"woocommerce-Price-amount amount\">57,00&nbsp;<span class=\"woocommerce-Price-currencySymbol\">&euro;<\/span><\/span> <small class=\"woocommerce-price-suffix\">inc. VAT<\/small><\/div><div class=\"wp-block-button wc-block-grid__product-add-to-cart\"><div class=\"loop-button-wrap button-width-auto button-layout2 \"><a href=\"\/pl\/wp-json\/wp\/v2\/pages\/362?add-to-cart=705\" aria-label=\"Dodaj do koszyka: &bdquo;Tactical Beauty Shopper Bag&rdquo;\" data-quantity=\"1\" data-product_id=\"705\" data-product_sku=\"NB-TAC-BEA-SHO\" rel=\"nofollow\" class=\"button wp-block-button__link add_to_cart_button ajax_add_to_cart\">Dodaj do koszyka<\/a><\/div><\/div><\/li><li class=\"wc-block-grid__product product-grid \">\n\t\t\t\t<div class=\"loop-image-wrap botiga-add-to-cart-button-layout2 botiga-wishlist-button-layout2\">\n\t\t\t\t\t<a href=\"https:\/\/niebanals.com\/pl\/produkt\/stage-ready-lady-pants\/\" class=\"wc-block-grid__product-link\" title=\"Wybierz opcje\">\n\t\t\t\t\t\t<div class=\"wc-block-grid__product-image\"><img loading=\"lazy\" decoding=\"async\" width=\"420\" height=\"420\" src=\"https:\/\/niebanals.com\/wp-content\/uploads\/2023\/12\/lady_pants_001-420x420.jpg\" class=\"attachment-woocommerce_thumbnail size-woocommerce_thumbnail\" alt=\"Stage Ready Lady Pants\" srcset=\"https:\/\/niebanals.com\/wp-content\/uploads\/2023\/12\/lady_pants_001-420x420.jpg 420w, https:\/\/niebanals.com\/wp-content\/uploads\/2023\/12\/lady_pants_001-100x100.jpg 100w, https:\/\/niebanals.com\/wp-content\/uploads\/2023\/12\/lady_pants_001-800x800.jpg 800w, https:\/\/niebanals.com\/wp-content\/uploads\/2023\/12\/lady_pants_001-300x300.jpg 300w, https:\/\/niebanals.com\/wp-content\/uploads\/2023\/12\/lady_pants_001-150x150.jpg 150w, https:\/\/niebanals.com\/wp-content\/uploads\/2023\/12\/lady_pants_001-768x768.jpg 768w, https:\/\/niebanals.com\/wp-content\/uploads\/2023\/12\/lady_pants_001-920x920.jpg 920w, https:\/\/niebanals.com\/wp-content\/uploads\/2023\/12\/lady_pants_001-575x575.jpg 575w, https:\/\/niebanals.com\/wp-content\/uploads\/2023\/12\/lady_pants_001-380x380.jpg 380w, https:\/\/niebanals.com\/wp-content\/uploads\/2023\/12\/lady_pants_001-50x50.jpg 50w, https:\/\/niebanals.com\/wp-content\/uploads\/2023\/12\/lady_pants_001-26x26.jpg 26w, https:\/\/niebanals.com\/wp-content\/uploads\/2023\/12\/lady_pants_001.jpg 1024w\" sizes=\"auto, (max-width: 420px) 100vw, 420px\" \/><\/div>\n\t\t\t\t\t<\/a>\n\t<a href=\"#\" class=\"botiga-wishlist-button botiga-wishlist-button-tooltip\" data-type=\"add\" data-wishlist-link=\"https:\/\/niebanals.com\/pl\/my-wishlist\/\" aria-label=\"Dodaj produkt Stage Ready Lady Pants do listy \u017cycze\u0144\" data-product-id=\"442\" data-nonce=\"16db59e853\" data-botiga-wishlist-tooltip=\"\">\n\t\t<div class=\"botiga-wishlist-icon-wrapper\" data-wishlist-remove-text=\"Usu\u0144 z listy \u017cycze\u0144\">\n\t\t\t<svg class=\"botiga-wishlist-icon\" width=\"17\" height=\"17\" viewBox=\"0 0 25 22\" fill=\"none\" xmlns=\"http:\/\/www.w3.org\/2000\/svg\">\n\t\t\t\t<path d=\"M13.8213 2.50804L13.8216 2.5078C16.1161 0.140222 19.7976 -0.212946 22.2492 1.87607C25.093 4.30325 25.2444 8.66651 22.6933 11.2992L22.6932 11.2993L13.245 21.055C13.245 21.0551 13.245 21.0551 13.2449 21.0551C12.8311 21.4822 12.1652 21.4822 11.7514 21.0551C11.7513 21.0551 11.7513 21.0551 11.7513 21.055L2.30334 11.2995C-0.243225 8.66684 -0.0918835 4.30344 2.75181 1.8762C5.20368 -0.213127 8.88985 0.140465 11.1793 2.50744L11.1799 2.50804L12.1418 3.49925L12.5006 3.86899L12.8594 3.49925L13.8213 2.50804Z\" stroke-width=\"3\" stroke=\"#212121\" fill=\"transparent\"\/>\n\t\t\t<\/svg>\n\t\t\t<div class=\"botiga-wishlist-loading-icon botigaAnimRotate botiga-anim-infinite\">\n\t\t\t\t<svg fill=\"none\" height=\"20\" viewBox=\"0 0 20 20\" width=\"20\" xmlns=\"http:\/\/www.w3.org\/2000\/svg\"><path d=\"M10 3C6.13401 3 3 6.13401 3 10C3 10.2761 2.77614 10.5 2.5 10.5C2.22386 10.5 2 10.2761 2 10C2 5.58172 5.58172 2 10 2C14.4183 2 18 5.58172 18 10C18 14.4183 14.4183 18 10 18C9.72386 18 9.5 17.7761 9.5 17.5C9.5 17.2239 9.72386 17 10 17C13.866 17 17 13.866 17 10C17 6.13401 13.866 3 10 3Z\" fill=\"#212121\" \/><\/svg>\t\t\t<\/div>\n\t\t<\/div>\n\t<\/a>\n\n\t<\/div><a href=\"https:\/\/niebanals.com\/pl\/produkt\/stage-ready-lady-pants\/\" class=\"wc-block-grid__product-link\">\n\t\t\t\t\t<div class=\"wc-block-grid__product-title\">Stage Ready Lady Pants<\/div>\n\t\t\t\t<\/a><div class=\"wc-block-grid__product-price price\"><span class=\"woocommerce-Price-amount amount\" aria-hidden=\"true\">91,53&nbsp;<span class=\"woocommerce-Price-currencySymbol\">&euro;<\/span><\/span> <span aria-hidden=\"true\">&ndash;<\/span> <span class=\"woocommerce-Price-amount amount\" aria-hidden=\"true\">96,00&nbsp;<span class=\"woocommerce-Price-currencySymbol\">&euro;<\/span><\/span><span class=\"screen-reader-text\">Zakres cen: od 91,53&nbsp;&euro; do 96,00&nbsp;&euro;<\/span> <small class=\"woocommerce-price-suffix\">inc. VAT<\/small><\/div><div class=\"wp-block-button wc-block-grid__product-add-to-cart\"><div class=\"loop-button-wrap button-width-auto button-layout2 \"><a href=\"https:\/\/niebanals.com\/pl\/produkt\/stage-ready-lady-pants\/\" aria-label=\"Wybierz opcje dla &bdquo;Stage Ready Lady Pants&rdquo;\" data-quantity=\"1\" data-product_id=\"442\" data-product_sku=\"\" rel=\"nofollow\" class=\"button wp-block-button__link add_to_cart_button\">Wybierz opcje<\/a><\/div><\/div><\/li><\/ul><\/div>\n\n\n<div style=\"height:100px\" aria-hidden=\"true\" class=\"wp-block-spacer\"><\/div>\n","protected":false},"excerpt":{"rendered":"<p>Witamy w naszym sklepie! Wybierz najciekawsz\u0105 kategori\u0119 i sprawd\u017a nasze wysokiej jako\u015bci produkty. Spodnie strzeleckie, Czyszczenie broni, Torby transportowe, Szybkie propozycje. Sprawd\u017a te produkty!<\/p>","protected":false},"author":1,"featured_media":0,"parent":0,"menu_order":0,"comment_status":"closed","ping_status":"closed","template":"","meta":{"footnotes":""},"class_list":["post-362","page","type-page","status-publish","hentry"],"jetpack_sharing_enabled":true,"_links":{"self":[{"href":"https:\/\/niebanals.com\/pl\/wp-json\/wp\/v2\/pages\/362","targetHints":{"allow":["GET"]}}],"collection":[{"href":"https:\/\/niebanals.com\/pl\/wp-json\/wp\/v2\/pages"}],"about":[{"href":"https:\/\/niebanals.com\/pl\/wp-json\/wp\/v2\/types\/page"}],"author":[{"embeddable":true,"href":"https:\/\/niebanals.com\/pl\/wp-json\/wp\/v2\/users\/1"}],"replies":[{"embeddable":true,"href":"https:\/\/niebanals.com\/pl\/wp-json\/wp\/v2\/comments?post=362"}],"version-history":[{"count":36,"href":"https:\/\/niebanals.com\/pl\/wp-json\/wp\/v2\/pages\/362\/revisions"}],"predecessor-version":[{"id":1056,"href":"https:\/\/niebanals.com\/pl\/wp-json\/wp\/v2\/pages\/362\/revisions\/1056"}],"wp:attachment":[{"href":"https:\/\/niebanals.com\/pl\/wp-json\/wp\/v2\/media?parent=362"}],"curies":[{"name":"wp","href":"https:\/\/api.w.org\/{rel}","templated":true}]}}